{"id":102,"date":"2022-11-16T22:47:38","date_gmt":"2022-11-16T22:47:38","guid":{"rendered":"https:\/\/manantialdelasflores.com\/?post_type=product&#038;p=102"},"modified":"2025-03-19T21:35:00","modified_gmt":"2025-03-19T21:35:00","slug":"champu-artesanal-de-manzanilla-y-curcuma","status":"publish","type":"product","link":"https:\/\/manantialdelasflores.com\/es\/shop\/champu-artesanal-de-manzanilla-y-curcuma\/","title":{"rendered":"Champ\u00fa artesanal de manzanilla"},"content":{"rendered":"<div class=\"short-description\">\n<div class=\"std\">\n<p><span class=\"s1\">Champ\u00fa l\u00edquido hecho con flores de manzanilla,\u00a0 es un p<\/span>oderoso antioxidante, protege el cabello del sol, aire y otras agresiones externas. Antis\u00e9ptico. Cualidad arom\u00e1tica: equilibrador y purificante. <span class=\"s1\">P<\/span><span class=\"s1\">roduce una espuma suave y natural que\u00a0<\/span><span class=\"s1\">mantiene el cabello sano, brillante, suave y manejable. <\/span>Frotar directamente sobre el cabello mojado y extender, dar un buen masaje y enjuagar abundantemente. Para mejores resultados utilizar con el <em>Enjuague Acondicionador Artesanal Manzanilla y C\u00farcuma<\/em>\u00a0Manantial de las Flores.<\/p>\n<p><strong>Ingredientes:<\/strong> Agua de manantial, aceite de oliva prensado en fr\u00edo, aceite de coco, aceite de ricino, c\u00farcuma, manzanilla, c\u00e1scara de lim\u00f3n, cola de caballo y s\u00e1bila cultivados agroecol\u00f3gicamente y aceite esencial de lim\u00f3n.<\/p>\n<p><strong>Presentaci\u00f3n:<\/strong> Botella de PET reciclable de 500ml con dispensador.<\/p>\n<\/div>\n<\/div>","protected":false},"excerpt":{"rendered":"<p><span class=\"s1\">Especial para mantener claro, luminoso, suave y sano el cabello rubio y casta\u00f1o claro.<\/span><span class=\"s1\">\u00a0<\/span><span class=\"s1\">100% vegano y natural.<\/span><\/p>","protected":false},"featured_media":92,"comment_status":"open","ping_status":"closed","template":"","meta":[],"product_brand":[],"product_cat":[27,18,28],"product_tag":[30,29,36,35],"class_list":{"0":"post-102","1":"product","2":"type-product","3":"status-publish","4":"has-post-thumbnail","6":"product_cat-champu-artesanales","7":"product_cat-cuidado-corporal","8":"product_cat-cuidado-del-cabello","9":"product_tag-champu","10":"product_tag-cuidado-del-cabello","11":"product_tag-curcuma","12":"product_tag-manzanilla","14":"first","15":"instock","16":"shipping-taxable","17":"purchasable","18":"product-type-simple"},"_links":{"self":[{"href":"https:\/\/manantialdelasflores.com\/es\/wp-json\/wp\/v2\/product\/102","targetHints":{"allow":["GET"]}}],"collection":[{"href":"https:\/\/manantialdelasflores.com\/es\/wp-json\/wp\/v2\/product"}],"about":[{"href":"https:\/\/manantialdelasflores.com\/es\/wp-json\/wp\/v2\/types\/product"}],"replies":[{"embeddable":true,"href":"https:\/\/manantialdelasflores.com\/es\/wp-json\/wp\/v2\/comments?post=102"}],"wp:featuredmedia":[{"embeddable":true,"href":"https:\/\/manantialdelasflores.com\/es\/wp-json\/wp\/v2\/media\/92"}],"wp:attachment":[{"href":"https:\/\/manantialdelasflores.com\/es\/wp-json\/wp\/v2\/media?parent=102"}],"wp:term":[{"taxonomy":"product_brand","embeddable":true,"href":"https:\/\/manantialdelasflores.com\/es\/wp-json\/wp\/v2\/product_brand?post=102"},{"taxonomy":"product_cat","embeddable":true,"href":"https:\/\/manantialdelasflores.com\/es\/wp-json\/wp\/v2\/product_cat?post=102"},{"taxonomy":"product_tag","embeddable":true,"href":"https:\/\/manantialdelasflores.com\/es\/wp-json\/wp\/v2\/product_tag?post=102"}],"curies":[{"name":"wp","href":"https:\/\/api.w.org\/{rel}","templated":true}]}}