{"id":1036,"date":"2024-03-08T23:07:23","date_gmt":"2024-03-08T23:07:23","guid":{"rendered":"https:\/\/manantialdelasflores.com\/?post_type=product&#038;p=1036"},"modified":"2026-02-26T21:24:46","modified_gmt":"2026-02-26T21:24:46","slug":"mandarinas-deshidratadas-para-te","status":"publish","type":"product","link":"https:\/\/manantialdelasflores.com\/es\/shop\/mandarinas-deshidratadas-para-te\/","title":{"rendered":"Mandarinas deshidratadas para t\u00e9"},"content":{"rendered":"<div class=\"short-description\">\n<div class=\"std\">\n<p><strong>Modo de preparar:<\/strong> Hervir 1 taza de agua con 1 cucharadita de las hierbas. Tapar y dejar hervir a fuego lento y dejar reposar unos minutos. Colar, endulzar si desea, servir y disfrutar.<\/p>\n<p><strong>Ingredientes:<\/strong> Variedad de Citrus reticulata (mandarinas) cultivadas en el Rancho Agroecol\u00f3gico Agua Escondida.<\/p>\n<p><strong>Presentaci\u00f3n:<\/strong>\u00a0Bolsa de papel kraft con 50 g.<\/p>\n<\/div>\n<\/div>","protected":false},"excerpt":{"rendered":"<p>Regula movimientos intestinales. Ayuda a dormir. Eleva el nivel de energ\u00eda. Reduce hipertensi\u00f3n y equilibra el nivel de az\u00facar en la sangre. Promueve la eliminaci\u00f3n de toxinas y apoya la absorci\u00f3n de nutrientes<\/p>","protected":false},"featured_media":1649,"comment_status":"open","ping_status":"closed","template":"","meta":[],"product_brand":[],"product_cat":[72,73],"product_tag":[235,419,74],"class_list":{"0":"post-1036","1":"product","2":"type-product","3":"status-publish","4":"has-post-thumbnail","6":"product_cat-alimentacion","7":"product_cat-tes-y-cafes","8":"product_tag-deshidratada","9":"product_tag-mandarina","10":"product_tag-te","12":"first","13":"instock","14":"shipping-taxable","15":"purchasable","16":"product-type-simple"},"_links":{"self":[{"href":"https:\/\/manantialdelasflores.com\/es\/wp-json\/wp\/v2\/product\/1036","targetHints":{"allow":["GET"]}}],"collection":[{"href":"https:\/\/manantialdelasflores.com\/es\/wp-json\/wp\/v2\/product"}],"about":[{"href":"https:\/\/manantialdelasflores.com\/es\/wp-json\/wp\/v2\/types\/product"}],"replies":[{"embeddable":true,"href":"https:\/\/manantialdelasflores.com\/es\/wp-json\/wp\/v2\/comments?post=1036"}],"wp:featuredmedia":[{"embeddable":true,"href":"https:\/\/manantialdelasflores.com\/es\/wp-json\/wp\/v2\/media\/1649"}],"wp:attachment":[{"href":"https:\/\/manantialdelasflores.com\/es\/wp-json\/wp\/v2\/media?parent=1036"}],"wp:term":[{"taxonomy":"product_brand","embeddable":true,"href":"https:\/\/manantialdelasflores.com\/es\/wp-json\/wp\/v2\/product_brand?post=1036"},{"taxonomy":"product_cat","embeddable":true,"href":"https:\/\/manantialdelasflores.com\/es\/wp-json\/wp\/v2\/product_cat?post=1036"},{"taxonomy":"product_tag","embeddable":true,"href":"https:\/\/manantialdelasflores.com\/es\/wp-json\/wp\/v2\/product_tag?post=1036"}],"curies":[{"name":"wp","href":"https:\/\/api.w.org\/{rel}","templated":true}]}}