{"id":1045,"date":"2024-03-31T18:57:26","date_gmt":"2024-03-31T18:57:26","guid":{"rendered":"https:\/\/manantialdelasflores.com\/?post_type=product&#038;p=1045"},"modified":"2025-03-19T21:34:10","modified_gmt":"2025-03-19T21:34:10","slug":"kit-exfoliante","status":"publish","type":"product","link":"https:\/\/manantialdelasflores.com\/es\/shop\/kit-exfoliante\/","title":{"rendered":"Kit exfoliante"},"content":{"rendered":"<p class=\"p1\"><span class=\"s1\">Inspirado en tratamientos antiguos de belleza de la cultura ayurveda. La c\u00farcuma es antioxidante, antiinflamatoria, antis\u00e9ptica y astringente. Su textura granulada ayuda a eliminar c\u00e9lulas muertas y ayuda a disminuir arrugas dando una apariencia m\u00e1s joven. El frijol aduki tiene la capacidad de retirar las c\u00e9lulas muertas sin lastimar la superficie de la piel. La c\u00e1scara de naranja es rica en Vitamina C y estimula la producci\u00f3n de Col\u00e1geno y mejora la elasticidad de la piel. La avena ha sido usada por siglos como un nutriente humectante, suavizante de piel irritada que exfolia la piel de todo tipo. Es un antiinflamatorio y antioxidante natural y ayuda a equilibrar el pH de la piel.<\/span><\/p>\n<p><strong><span class=\"s1\">Contenido:<\/span><\/strong><\/p>\n<p class=\"p1\"><span class=\"s1\">1 Mascarilla. Ingredientes: C\u00farcuma (Curcuma longa), frijol aduki (Vigna angularis), c\u00e1scara de naranja (Citrus sinensis), avena (Avena sativa) todo cultivado en el Rancho Agroecol\u00f3gico Agua Escondida.<\/span><\/p>\n<p class=\"p1\"><span class=\"s1\">1 Agua Destilada de Lavanda. Ingredientes: Lavanda (Lavandula angustifolia) cultivada en el Rancho Agroecol\u00f3gico Agua Escondida, y agua de manantial.<\/span><\/p>\n<p class=\"p1\"><span class=\"s1\">1 Concha de mar para preparaci\u00f3n de la mascarilla<\/span><\/p>\n<p class=\"p1\"><span class=\"s1\">1 Ilustraci\u00f3n de movimientos exfoliantes faciales<\/span><\/p>\n<p class=\"p1\"><span class=\"s1\"><strong>Uso:<\/strong> coloca una cucharadita de la mascarilla en la concha y agrega unas gotas del agua destilada de lavanda, revuelve con un dedo hasta formar una pasta. Aplica en el cutis seco, con movimientos rotatorios. Deja unos minutos y retira con agua caliente primero y fr\u00eda despu\u00e9s. Para completar esta exfoliaci\u00f3n recomendamos seguir con loci\u00f3n t\u00f3nica para cutis graso o seco Manantial de las Flores y despu\u00e9s crema humectante Manantial de las Flores.<\/span><\/p>\n<p><strong>Presentaci\u00f3n:<\/strong> <span class=\"s1\">Mascarilla en tarro de cristal con 50 g y agua destilada en botella PET azul cobalto reciclable con 60 ml<\/span><\/p>","protected":false},"excerpt":{"rendered":"<p class=\"p1\"><span class=\"s1\">Mascarilla limpiadora y exfoliante. Retira el exceso de grasa y suciedad sin que el cutis pierda su humedad natural. <\/span><\/p>","protected":false},"featured_media":1069,"comment_status":"open","ping_status":"closed","template":"","meta":[],"product_brand":[],"product_cat":[18,217,111],"product_tag":[36,418,44,62],"class_list":{"0":"post-1045","1":"product","2":"type-product","3":"status-publish","4":"has-post-thumbnail","6":"product_cat-cuidado-corporal","7":"product_cat-cuidado-de-la-piel","8":"product_cat-limpieza-corporal","9":"product_tag-curcuma","10":"product_tag-kit-exfoliante","11":"product_tag-lavanda","12":"product_tag-limpiadora","14":"first","15":"instock","16":"shipping-taxable","17":"purchasable","18":"product-type-simple"},"_links":{"self":[{"href":"https:\/\/manantialdelasflores.com\/es\/wp-json\/wp\/v2\/product\/1045","targetHints":{"allow":["GET"]}}],"collection":[{"href":"https:\/\/manantialdelasflores.com\/es\/wp-json\/wp\/v2\/product"}],"about":[{"href":"https:\/\/manantialdelasflores.com\/es\/wp-json\/wp\/v2\/types\/product"}],"replies":[{"embeddable":true,"href":"https:\/\/manantialdelasflores.com\/es\/wp-json\/wp\/v2\/comments?post=1045"}],"wp:featuredmedia":[{"embeddable":true,"href":"https:\/\/manantialdelasflores.com\/es\/wp-json\/wp\/v2\/media\/1069"}],"wp:attachment":[{"href":"https:\/\/manantialdelasflores.com\/es\/wp-json\/wp\/v2\/media?parent=1045"}],"wp:term":[{"taxonomy":"product_brand","embeddable":true,"href":"https:\/\/manantialdelasflores.com\/es\/wp-json\/wp\/v2\/product_brand?post=1045"},{"taxonomy":"product_cat","embeddable":true,"href":"https:\/\/manantialdelasflores.com\/es\/wp-json\/wp\/v2\/product_cat?post=1045"},{"taxonomy":"product_tag","embeddable":true,"href":"https:\/\/manantialdelasflores.com\/es\/wp-json\/wp\/v2\/product_tag?post=1045"}],"curies":[{"name":"wp","href":"https:\/\/api.w.org\/{rel}","templated":true}]}}