{"id":1082,"date":"2024-03-21T23:50:08","date_gmt":"2024-03-21T23:50:08","guid":{"rendered":"https:\/\/manantialdelasflores.com\/?post_type=product&#038;p=1082"},"modified":"2025-03-19T21:34:15","modified_gmt":"2025-03-19T21:34:15","slug":"mermelada-de-kumquat","status":"publish","type":"product","link":"https:\/\/manantialdelasflores.com\/es\/shop\/mermelada-de-kumquat\/","title":{"rendered":"Mermelada de Kumquat"},"content":{"rendered":"<p>El jarabe de agave es vigorizante de alta calidad nutricional y no cambia el sabor original de la fruta. \u00datil para deportistas, beb\u00e9s, ancianos, personas convalecientes, d\u00e9biles y an\u00e9micas.<br \/>\n<strong><br \/>\nIngredientes: <\/strong>Kumquat cultivada en el Rancho Agroecol\u00f3gico Agua Escondida y jarabe de agave.<\/p>\n<p><strong>Presentaci\u00f3n: <\/strong>Frasco de cristal de 280g.<\/p>","protected":false},"excerpt":{"rendered":"<p>Nuestras mermeladas caseras representan una propuesta sana de comer fruta, pues est\u00e1n elaboradas con un 70% de fruta cultivada por nosotros mismos y 30% de jarabe de agave.<\/p>","protected":false},"featured_media":0,"comment_status":"open","ping_status":"closed","template":"","meta":[],"product_brand":[],"product_cat":[72,223],"product_tag":[225,224],"class_list":{"0":"post-1082","1":"product","2":"type-product","3":"status-publish","5":"product_cat-alimentacion","6":"product_cat-mermeladas-y-jaleas","7":"product_tag-guayaba","8":"product_tag-mermelada","10":"first","11":"instock","12":"shipping-taxable","13":"purchasable","14":"product-type-simple"},"_links":{"self":[{"href":"https:\/\/manantialdelasflores.com\/es\/wp-json\/wp\/v2\/product\/1082","targetHints":{"allow":["GET"]}}],"collection":[{"href":"https:\/\/manantialdelasflores.com\/es\/wp-json\/wp\/v2\/product"}],"about":[{"href":"https:\/\/manantialdelasflores.com\/es\/wp-json\/wp\/v2\/types\/product"}],"replies":[{"embeddable":true,"href":"https:\/\/manantialdelasflores.com\/es\/wp-json\/wp\/v2\/comments?post=1082"}],"wp:attachment":[{"href":"https:\/\/manantialdelasflores.com\/es\/wp-json\/wp\/v2\/media?parent=1082"}],"wp:term":[{"taxonomy":"product_brand","embeddable":true,"href":"https:\/\/manantialdelasflores.com\/es\/wp-json\/wp\/v2\/product_brand?post=1082"},{"taxonomy":"product_cat","embeddable":true,"href":"https:\/\/manantialdelasflores.com\/es\/wp-json\/wp\/v2\/product_cat?post=1082"},{"taxonomy":"product_tag","embeddable":true,"href":"https:\/\/manantialdelasflores.com\/es\/wp-json\/wp\/v2\/product_tag?post=1082"}],"curies":[{"name":"wp","href":"https:\/\/api.w.org\/{rel}","templated":true}]}}