{"id":1106,"date":"2024-03-27T19:17:42","date_gmt":"2024-03-27T19:17:42","guid":{"rendered":"https:\/\/manantialdelasflores.com\/?post_type=product&#038;p=1106"},"modified":"2025-09-05T21:24:18","modified_gmt":"2025-09-05T21:24:18","slug":"mermelada-de-berenjenilla-con-miel-de-agave","status":"publish","type":"product","link":"https:\/\/manantialdelasflores.com\/es\/shop\/mermelada-de-berenjenilla-con-miel-de-agave\/","title":{"rendered":"Mermelada de berenjenilla con miel de agave"},"content":{"rendered":"<p>Nuestras mermeladas caseras representan una propuesta sana de comer fruta, pues est\u00e1n elaboradas con un 70 % de fruta cultivada por nosotros mismos y 30% de endulzante y son completamente naturales.<\/p>\n<p><strong>Ingredientes: <\/strong>Pulpa del fruto de la berenjenilla y miel de agave.<\/p>\n<p><strong>Presentaci\u00f3n:<\/strong> Frasco de vidrio de 280g<\/p>","protected":false},"excerpt":{"rendered":"<p>Las preparamos con la mexican\u00edsima miel de agave org\u00e1nica fabricada en el Baj\u00edo por la Industrializadora Integral del Agave, delicioso edulcorante que permite mantener el sabor de los alimentos, agudizando su dulzura y que contiene un bajo \u00edndice gluc\u00e9mico (24), no contiene colesterol y est\u00e1 recomendado para diab\u00e9ticos, ni\u00f1os, deportistas y ancianos.<\/p>","protected":false},"featured_media":0,"comment_status":"open","ping_status":"closed","template":"","meta":[],"product_brand":[],"product_cat":[72,223],"product_tag":[425,224],"class_list":{"0":"post-1106","1":"product","2":"type-product","3":"status-publish","5":"product_cat-alimentacion","6":"product_cat-mermeladas-y-jaleas","7":"product_tag-berenjenilla","8":"product_tag-mermelada","10":"first","11":"outofstock","12":"shipping-taxable","13":"purchasable","14":"product-type-simple"},"_links":{"self":[{"href":"https:\/\/manantialdelasflores.com\/es\/wp-json\/wp\/v2\/product\/1106","targetHints":{"allow":["GET"]}}],"collection":[{"href":"https:\/\/manantialdelasflores.com\/es\/wp-json\/wp\/v2\/product"}],"about":[{"href":"https:\/\/manantialdelasflores.com\/es\/wp-json\/wp\/v2\/types\/product"}],"replies":[{"embeddable":true,"href":"https:\/\/manantialdelasflores.com\/es\/wp-json\/wp\/v2\/comments?post=1106"}],"wp:attachment":[{"href":"https:\/\/manantialdelasflores.com\/es\/wp-json\/wp\/v2\/media?parent=1106"}],"wp:term":[{"taxonomy":"product_brand","embeddable":true,"href":"https:\/\/manantialdelasflores.com\/es\/wp-json\/wp\/v2\/product_brand?post=1106"},{"taxonomy":"product_cat","embeddable":true,"href":"https:\/\/manantialdelasflores.com\/es\/wp-json\/wp\/v2\/product_cat?post=1106"},{"taxonomy":"product_tag","embeddable":true,"href":"https:\/\/manantialdelasflores.com\/es\/wp-json\/wp\/v2\/product_tag?post=1106"}],"curies":[{"name":"wp","href":"https:\/\/api.w.org\/{rel}","templated":true}]}}