{"id":1141,"date":"2023-03-31T15:46:28","date_gmt":"2023-03-31T15:46:28","guid":{"rendered":"https:\/\/manantialdelasflores.com\/?post_type=product&#038;p=1141"},"modified":"2025-05-25T12:53:09","modified_gmt":"2025-05-25T12:53:09","slug":"albahaca-sagrada-tulsi-en-capsulas","status":"publish","type":"product","link":"https:\/\/manantialdelasflores.com\/es\/shop\/albahaca-sagrada-tulsi-en-capsulas\/","title":{"rendered":"Albahaca Sagrada (tulsi) en c\u00e1psulas"},"content":{"rendered":"<p>Utilizada para la buena digesti\u00f3n controlando los gases y la inflamaci\u00f3n y para la limpieza de toxinas producidas en v\u00edas respiratorias por la nicotina y el consumo de cannabis. Adem\u00e1s, es una ayuda imprescindible para manejar el estr\u00e9s y la depresi\u00f3n pues es un adapt\u00f3geno (sustancia que mejora la habilidad del cuerpo a adaptarse al estr\u00e9s) que aumenta la respuesta natural del organismo frente al estr\u00e9s f\u00edsico y emocional. Su funci\u00f3n consiste en reducir los niveles de ambos tipos de estr\u00e9s y permitir pensamientos claros y aumento de memoria. Tomar 2 c\u00e1psulas entre las comidas.<br \/>\n<strong><br \/>\nIngredientes: <\/strong> Albahaca Sagrada (tulsi) (Ocimum sanctum, Ocimum tenuiflorum, Ocimum gratissimum) deshidratada y molida.<\/p>\n<p><strong>Presentaci\u00f3n:\u00a0<\/strong>Frasco PET con 100 c\u00e1psulas. Cada c\u00e1psula contiene 500 mg.<\/p>","protected":false},"excerpt":{"rendered":"<p>Adapt\u00f3geno, antioxidante, antibacteriano, antiviral y mejora el sistema inmunol\u00f3gico.<\/p>","protected":false},"featured_media":1089,"comment_status":"open","ping_status":"closed","template":"","meta":[],"product_brand":[],"product_cat":[72,132],"product_tag":[356,252,206,430,431],"class_list":{"0":"post-1141","1":"product","2":"type-product","3":"status-publish","4":"has-post-thumbnail","6":"product_cat-alimentacion","7":"product_cat-suplementos-alimenticios","8":"product_tag-adaptageno","9":"product_tag-albahaca-sagrada","10":"product_tag-anti-inflamatorio","11":"product_tag-antioxidante","12":"product_tag-tulsi","14":"first","15":"instock","16":"shipping-taxable","17":"purchasable","18":"product-type-simple"},"_links":{"self":[{"href":"https:\/\/manantialdelasflores.com\/es\/wp-json\/wp\/v2\/product\/1141","targetHints":{"allow":["GET"]}}],"collection":[{"href":"https:\/\/manantialdelasflores.com\/es\/wp-json\/wp\/v2\/product"}],"about":[{"href":"https:\/\/manantialdelasflores.com\/es\/wp-json\/wp\/v2\/types\/product"}],"replies":[{"embeddable":true,"href":"https:\/\/manantialdelasflores.com\/es\/wp-json\/wp\/v2\/comments?post=1141"}],"wp:featuredmedia":[{"embeddable":true,"href":"https:\/\/manantialdelasflores.com\/es\/wp-json\/wp\/v2\/media\/1089"}],"wp:attachment":[{"href":"https:\/\/manantialdelasflores.com\/es\/wp-json\/wp\/v2\/media?parent=1141"}],"wp:term":[{"taxonomy":"product_brand","embeddable":true,"href":"https:\/\/manantialdelasflores.com\/es\/wp-json\/wp\/v2\/product_brand?post=1141"},{"taxonomy":"product_cat","embeddable":true,"href":"https:\/\/manantialdelasflores.com\/es\/wp-json\/wp\/v2\/product_cat?post=1141"},{"taxonomy":"product_tag","embeddable":true,"href":"https:\/\/manantialdelasflores.com\/es\/wp-json\/wp\/v2\/product_tag?post=1141"}],"curies":[{"name":"wp","href":"https:\/\/api.w.org\/{rel}","templated":true}]}}