{"id":1146,"date":"2024-03-31T16:27:05","date_gmt":"2024-03-31T16:27:05","guid":{"rendered":"https:\/\/manantialdelasflores.com\/?post_type=product&#038;p=1146"},"modified":"2025-03-19T21:34:11","modified_gmt":"2025-03-19T21:34:11","slug":"splash-invernal-vetiver","status":"publish","type":"product","link":"https:\/\/manantialdelasflores.com\/es\/shop\/splash-invernal-vetiver\/","title":{"rendered":"Splash Invernal Vetiver"},"content":{"rendered":"<div class=\"sku\">\n<p class=\"p1\"><span class=\"s1\">La planta del Vetiver (Vetiveria zinazinioides) no s\u00f3lo produce rizomas exquisitamente perfumados, sino que protege los suelos de la erosi\u00f3n. Su hidrolato, que hacemos en Manantial de las Flores es la base de este atractivo aroma adem\u00e1s de aceites esenciales de vetiver, lavanda, cedro, s\u00e1ndalo y jengibre y aceite de semilla de toronja como conservador; el olor de esta agua para despu\u00e9s del ba\u00f1o se complementa as\u00ed exitosamente para lograr una remembranza de especias sofisticado y sencillo a la vez. Puede usarse todo el a\u00f1o.<\/span><\/p>\n<p><strong>Ingredientes:<\/strong> Agua destilada de vetiver cultivada en el Rancho Agroecol\u00f3gico Agua Escondida, aceites esenciales de vetiver, lavanda, cedro, s\u00e1ndalo y jengibre; vodka y aceite de semilla de toronja org\u00e1nica.<\/p>\n<p><strong>Presentaci\u00f3n:<\/strong>\u00a0frasco de 100 ml con aspersor.<\/p>\n<\/div>\n<div class=\"sku\"><\/div>","protected":false},"excerpt":{"rendered":"<p class=\"p1\"><span class=\"s1\">Agua refrescante para despu\u00e9s del ba\u00f1o. Masculino. Aroma de tierra, de bosque, limpio, refrescante, caramelo y humo.\u00a0<\/span><\/p>","protected":false},"featured_media":1093,"comment_status":"open","ping_status":"closed","template":"","meta":[],"product_brand":[],"product_cat":[18,432],"product_tag":[440,438,439,435,437,433,436],"class_list":{"0":"post-1146","1":"product","2":"type-product","3":"status-publish","4":"has-post-thumbnail","6":"product_cat-cuidado-corporal","7":"product_cat-perfumeria","8":"product_tag-hombre","9":"product_tag-invernal","10":"product_tag-masculino","11":"product_tag-perfume","12":"product_tag-splas","13":"product_tag-splash","14":"product_tag-vetiver","16":"first","17":"instock","18":"shipping-taxable","19":"purchasable","20":"product-type-simple"},"_links":{"self":[{"href":"https:\/\/manantialdelasflores.com\/es\/wp-json\/wp\/v2\/product\/1146","targetHints":{"allow":["GET"]}}],"collection":[{"href":"https:\/\/manantialdelasflores.com\/es\/wp-json\/wp\/v2\/product"}],"about":[{"href":"https:\/\/manantialdelasflores.com\/es\/wp-json\/wp\/v2\/types\/product"}],"replies":[{"embeddable":true,"href":"https:\/\/manantialdelasflores.com\/es\/wp-json\/wp\/v2\/comments?post=1146"}],"wp:featuredmedia":[{"embeddable":true,"href":"https:\/\/manantialdelasflores.com\/es\/wp-json\/wp\/v2\/media\/1093"}],"wp:attachment":[{"href":"https:\/\/manantialdelasflores.com\/es\/wp-json\/wp\/v2\/media?parent=1146"}],"wp:term":[{"taxonomy":"product_brand","embeddable":true,"href":"https:\/\/manantialdelasflores.com\/es\/wp-json\/wp\/v2\/product_brand?post=1146"},{"taxonomy":"product_cat","embeddable":true,"href":"https:\/\/manantialdelasflores.com\/es\/wp-json\/wp\/v2\/product_cat?post=1146"},{"taxonomy":"product_tag","embeddable":true,"href":"https:\/\/manantialdelasflores.com\/es\/wp-json\/wp\/v2\/product_tag?post=1146"}],"curies":[{"name":"wp","href":"https:\/\/api.w.org\/{rel}","templated":true}]}}