{"id":1149,"date":"2024-05-01T16:38:43","date_gmt":"2024-05-01T16:38:43","guid":{"rendered":"https:\/\/manantialdelasflores.com\/?post_type=product&#038;p=1149"},"modified":"2025-03-19T21:34:04","modified_gmt":"2025-03-19T21:34:04","slug":"splash-otonal-geranio","status":"publish","type":"product","link":"https:\/\/manantialdelasflores.com\/es\/shop\/splash-otonal-geranio\/","title":{"rendered":"Splash Oto\u00f1al Geranio"},"content":{"rendered":"<div class=\"sku\">\n<p class=\"p1\"><span class=\"s1\">Aunque hay muchas variedades de Pelargonium graveolens (Geranio de olor), utilizamos las hojas y flores del geranio rosa y el geranio lim\u00f3n, aceites esenciales de geranio e ylang-ylang y aceite de semilla de toronja para lograr un agua floral de exquisito aroma que adem\u00e1s de complacer los sentidos apoya todos los cambios del sistema reproductivo femenino. Incomparable para las molestias de la adolescencia y la menopausia, as\u00ed como para las causadas por la colocaci\u00f3n o uso de anticonceptivos. Ll\u00e9vala en tu bolso y asp\u00e9rjate cuando quieras. <\/span>Ag\u00edtese suavemente antes de usar.<\/p>\n<p><strong>Ingredientes:<\/strong> Agua destilada de geranio org\u00e1nico cultivado en el Rancho Agroecol\u00f3gico Agua Escondida, aceites esenciales de geranio, ilang-ilang, vodka y aceite de semilla de toronja org\u00e1nica.<\/p>\n<p><strong>Presentaci\u00f3n:<\/strong>\u00a0frasco de 100 ml con aspersor.<\/p>\n<\/div>\n<div class=\"sku\"><\/div>","protected":false},"excerpt":{"rendered":"<p class=\"p1\"><span class=\"s1\">Agua refrescante para las molestias de la adolescencia y la menopausia. <\/span><span class=\"s1\">Aroma floral, dulce, herb\u00e1ceo, seco, calmante, equilibrador del estado de \u00e1nimo. Totalmente femenino.<\/span><\/p>","protected":false},"featured_media":1094,"comment_status":"open","ping_status":"closed","template":"","meta":[],"product_brand":[],"product_cat":[18,432],"product_tag":[144,443,20,442,441,435,433],"class_list":{"0":"post-1149","1":"product","2":"type-product","3":"status-publish","4":"has-post-thumbnail","6":"product_cat-cuidado-corporal","7":"product_cat-perfumeria","8":"product_tag-agua-destilada","9":"product_tag-femenino","10":"product_tag-geranio","11":"product_tag-menopausia","12":"product_tag-otonal","13":"product_tag-perfume","14":"product_tag-splash","16":"first","17":"instock","18":"shipping-taxable","19":"purchasable","20":"product-type-simple"},"_links":{"self":[{"href":"https:\/\/manantialdelasflores.com\/es\/wp-json\/wp\/v2\/product\/1149","targetHints":{"allow":["GET"]}}],"collection":[{"href":"https:\/\/manantialdelasflores.com\/es\/wp-json\/wp\/v2\/product"}],"about":[{"href":"https:\/\/manantialdelasflores.com\/es\/wp-json\/wp\/v2\/types\/product"}],"replies":[{"embeddable":true,"href":"https:\/\/manantialdelasflores.com\/es\/wp-json\/wp\/v2\/comments?post=1149"}],"wp:featuredmedia":[{"embeddable":true,"href":"https:\/\/manantialdelasflores.com\/es\/wp-json\/wp\/v2\/media\/1094"}],"wp:attachment":[{"href":"https:\/\/manantialdelasflores.com\/es\/wp-json\/wp\/v2\/media?parent=1149"}],"wp:term":[{"taxonomy":"product_brand","embeddable":true,"href":"https:\/\/manantialdelasflores.com\/es\/wp-json\/wp\/v2\/product_brand?post=1149"},{"taxonomy":"product_cat","embeddable":true,"href":"https:\/\/manantialdelasflores.com\/es\/wp-json\/wp\/v2\/product_cat?post=1149"},{"taxonomy":"product_tag","embeddable":true,"href":"https:\/\/manantialdelasflores.com\/es\/wp-json\/wp\/v2\/product_tag?post=1149"}],"curies":[{"name":"wp","href":"https:\/\/api.w.org\/{rel}","templated":true}]}}