{"id":1153,"date":"2024-03-29T17:39:55","date_gmt":"2024-03-29T17:39:55","guid":{"rendered":"https:\/\/manantialdelasflores.com\/?post_type=product&#038;p=1153"},"modified":"2025-03-19T21:34:12","modified_gmt":"2025-03-19T21:34:12","slug":"compresa-de-barro","status":"publish","type":"product","link":"https:\/\/manantialdelasflores.com\/es\/shop\/compresa-de-barro\/","title":{"rendered":"Compresa de barro"},"content":{"rendered":"<p class=\"p1\"><span class=\"s1\">La Geoterapia es una antigua terapia que utiliza la fuerza curativa de cierto tipo de barros (arcillas) que ayudan a eliminar toxinas acumuladas en el interior o exterior del cuerpo. Una de las condiciones fundamentales para que un barro sea terap\u00e9utico, es que provenga de fuentes profundas (unos 5 metros m\u00ednimo). En el Rancho Agroecol\u00f3gico Agua Escondida hemos tenido la oportunidad de extraer arcilla roja de los cortes que hemos hecho para abrir caminos y la hemos probado en nuestra familia desde hace 40 a\u00f1os. Nuestro barro se amasa con agua de manantial hasta hacerlo una masa untable que se pueda extender en una gasa o trapo de algod\u00f3n para colocarse en las partes afectadas. Recomendamos no utilizar medicamentos alop\u00e1ticos mientras se usa barro.<\/span><\/p>\n<p class=\"p1\"><span class=\"s1\">La compresa se puede aplicar directamente sobre la piel si no es una zona delicada como ojos u o\u00eddos, en caso de necesitarla en cualquiera de esas \u00e1reas, colocar primero el barro en una gasa y luego ponerla en ojos u o\u00eddos y afirmarla con microporo para que permanezca el tiempo necesario de 40 minutos a 2 horas. En el resto del cuerpo, la puedes aplicar directamente o extenderla en un trapo y luego ponerla en el sitio y asegurarla ya sea con microporo o una venda. Al finalizar el tiempo, retirar con una toalla h\u00fameda o lavando la zona con agua tibia y cubrirla inmediatamente sobre todo en clima fr\u00edo.<\/span><\/p>\n<p><strong>Ingredientes:<\/strong> Barro y agua de manantial.<\/p>\n<p><strong>Presentaci\u00f3n:<\/strong> <span class=\"s1\">2 kilos de barro preparado en bolsa pl\u00e1stica con ziploc<\/span><\/p>","protected":false},"excerpt":{"rendered":"<p class=\"p1\"><span class=\"s1\">Ayuda a eliminar toxinas acumuladas en el interior o exterior del cuerpo<\/span><\/p>","protected":false},"featured_media":1600,"comment_status":"open","ping_status":"closed","template":"","meta":[],"product_brand":[],"product_cat":[259,18,111],"product_tag":[450,268,449,448,62,451],"class_list":{"0":"post-1153","1":"product","2":"type-product","3":"status-publish","4":"has-post-thumbnail","6":"product_cat-botiquin-natural","7":"product_cat-cuidado-corporal","8":"product_cat-limpieza-corporal","9":"product_tag-barro","10":"product_tag-botiquin-natural","11":"product_tag-compresa","12":"product_tag-cuerpo","13":"product_tag-limpiadora","14":"product_tag-toxinas","16":"first","17":"instock","18":"shipping-taxable","19":"purchasable","20":"product-type-simple"},"_links":{"self":[{"href":"https:\/\/manantialdelasflores.com\/es\/wp-json\/wp\/v2\/product\/1153","targetHints":{"allow":["GET"]}}],"collection":[{"href":"https:\/\/manantialdelasflores.com\/es\/wp-json\/wp\/v2\/product"}],"about":[{"href":"https:\/\/manantialdelasflores.com\/es\/wp-json\/wp\/v2\/types\/product"}],"replies":[{"embeddable":true,"href":"https:\/\/manantialdelasflores.com\/es\/wp-json\/wp\/v2\/comments?post=1153"}],"wp:featuredmedia":[{"embeddable":true,"href":"https:\/\/manantialdelasflores.com\/es\/wp-json\/wp\/v2\/media\/1600"}],"wp:attachment":[{"href":"https:\/\/manantialdelasflores.com\/es\/wp-json\/wp\/v2\/media?parent=1153"}],"wp:term":[{"taxonomy":"product_brand","embeddable":true,"href":"https:\/\/manantialdelasflores.com\/es\/wp-json\/wp\/v2\/product_brand?post=1153"},{"taxonomy":"product_cat","embeddable":true,"href":"https:\/\/manantialdelasflores.com\/es\/wp-json\/wp\/v2\/product_cat?post=1153"},{"taxonomy":"product_tag","embeddable":true,"href":"https:\/\/manantialdelasflores.com\/es\/wp-json\/wp\/v2\/product_tag?post=1153"}],"curies":[{"name":"wp","href":"https:\/\/api.w.org\/{rel}","templated":true}]}}