{"id":1168,"date":"2024-04-01T13:47:35","date_gmt":"2024-04-01T13:47:35","guid":{"rendered":"https:\/\/manantialdelasflores.com\/?post_type=product&#038;p=1168"},"modified":"2025-03-19T21:34:08","modified_gmt":"2025-03-19T21:34:08","slug":"semilla-de-eneldo","status":"publish","type":"product","link":"https:\/\/manantialdelasflores.com\/es\/shop\/semilla-de-eneldo\/","title":{"rendered":"Semilla de eneldo"},"content":{"rendered":"<p><span class=\"s1\"><strong>Uso:<\/strong> Planta herb\u00e1cea anual que llega a crecer hasta 1 m, hojas muy profusas verde gris\u00e1ceas con delicioso olor y sabor, tallos huecos; flores agrupadas\u00a0 en forma de sombrilla, amarillas. Sembrar directo si hay suficiente humedad si no mejor en alm\u00e1cigos. En doble excavaci\u00f3n a 40 cm y en sencilla a 60 cm. Germina en 18 d\u00edas aproximadamente. Temporada de siembra: Sembrar desde octubre hasta mayo y abonar s\u00f3lo una vez durante el crecimiento. Necesita\u00a0 6 horas de luz al d\u00eda como m\u00ednimo.Cortar las hojas que se inclinan naturalmente (la m\u00e1s bajas) durante su crecimiento y dejar secar sus\u00a0 semillas en la flor. Recoger en una bolsa.<\/span><\/p>\n<p><strong>Ingredientes:<\/strong> Anethum graveolens<\/p>\n<p><strong>Contenido:<\/strong> 200 semillas<\/p>","protected":false},"excerpt":{"rendered":"<p class=\"p1\">El uso principal de las hojas y semillas es como condimento.<\/p>","protected":false},"featured_media":1179,"comment_status":"open","ping_status":"closed","template":"","meta":[],"product_brand":[],"product_cat":[464,325,326],"product_tag":[457,455,327],"class_list":{"0":"post-1168","1":"product","2":"type-product","3":"status-publish","4":"has-post-thumbnail","6":"product_cat-hierbas-culinarias","7":"product_cat-jardin","8":"product_cat-semillas","9":"product_tag-eneldo","10":"product_tag-hierba","11":"product_tag-semillas","13":"first","14":"instock","15":"shipping-taxable","16":"purchasable","17":"product-type-simple"},"_links":{"self":[{"href":"https:\/\/manantialdelasflores.com\/es\/wp-json\/wp\/v2\/product\/1168","targetHints":{"allow":["GET"]}}],"collection":[{"href":"https:\/\/manantialdelasflores.com\/es\/wp-json\/wp\/v2\/product"}],"about":[{"href":"https:\/\/manantialdelasflores.com\/es\/wp-json\/wp\/v2\/types\/product"}],"replies":[{"embeddable":true,"href":"https:\/\/manantialdelasflores.com\/es\/wp-json\/wp\/v2\/comments?post=1168"}],"wp:featuredmedia":[{"embeddable":true,"href":"https:\/\/manantialdelasflores.com\/es\/wp-json\/wp\/v2\/media\/1179"}],"wp:attachment":[{"href":"https:\/\/manantialdelasflores.com\/es\/wp-json\/wp\/v2\/media?parent=1168"}],"wp:term":[{"taxonomy":"product_brand","embeddable":true,"href":"https:\/\/manantialdelasflores.com\/es\/wp-json\/wp\/v2\/product_brand?post=1168"},{"taxonomy":"product_cat","embeddable":true,"href":"https:\/\/manantialdelasflores.com\/es\/wp-json\/wp\/v2\/product_cat?post=1168"},{"taxonomy":"product_tag","embeddable":true,"href":"https:\/\/manantialdelasflores.com\/es\/wp-json\/wp\/v2\/product_tag?post=1168"}],"curies":[{"name":"wp","href":"https:\/\/api.w.org\/{rel}","templated":true}]}}