{"id":121,"date":"2022-11-23T16:50:39","date_gmt":"2022-11-23T16:50:39","guid":{"rendered":"https:\/\/manantialdelasflores.com\/?post_type=product&#038;p=121"},"modified":"2026-04-06T19:06:49","modified_gmt":"2026-04-06T19:06:49","slug":"enjuague-acondicionador-arbol-del-te","status":"publish","type":"product","link":"https:\/\/manantialdelasflores.com\/es\/shop\/enjuague-acondicionador-arbol-del-te\/","title":{"rendered":"Enjuague acondicionador \u00e1rbol del t\u00e9"},"content":{"rendered":"<div class=\"short-description\">\n<div class=\"std\">\n<p class=\"p1\"><span class=\"s1\">Para cabello graso<i>. <\/i><\/span><span class=\"s1\">Cualidad arom\u00e1tica: equilibrador. <\/span><i><\/i>Se utiliza disuelto en agua (1 cucharada sopera de acondicionador en medio litro de agua), como \u00faltimo enjuague, no se retira, tu cabello y tu \u00e1nimo mantendr\u00e1n as\u00ed las cualidades arom\u00e1ticas de los aceites esenciales. Cuando el tiempo te lo permita, deja secar naturalmente el cabello pues la secadora lo reseca mucho.<\/p>\n<p><strong>Ingredientes:<\/strong> Vinagre de manzana, mastuerzo, ortiga, \u00e1rbol del t\u00e9, para\u00edso, mozote amarillo, zacate lim\u00f3n y pachuli cultivados por nosotros, aceite de semilla de toronja y aceite esencial de \u00e1rbol del t\u00e9.<\/p>\n<p><strong>Presentaci\u00f3n:<\/strong> Botella de PET de 250ml.<\/p>\n<\/div>\n<\/div>","protected":false},"excerpt":{"rendered":"<p class=\"p1\"><span class=\"s1\">Completa la acci\u00f3n antis\u00e9ptica del champ\u00fa de \u00e1rbol del t\u00e9, manteniendo el cuero cabelludo libre de seborrea y equilibrando la grasa. 100% vegano y natural.<\/span><\/p>","protected":false},"featured_media":115,"comment_status":"open","ping_status":"closed","template":"","meta":[],"product_brand":[],"product_cat":[41,18,28],"product_tag":[42,38,29],"class_list":{"0":"post-121","1":"product","2":"type-product","3":"status-publish","4":"has-post-thumbnail","6":"product_cat-acondicionador","7":"product_cat-cuidado-corporal","8":"product_cat-cuidado-del-cabello","9":"product_tag-acondicionador","10":"product_tag-arbol-del-te","11":"product_tag-cuidado-del-cabello","13":"first","14":"instock","15":"shipping-taxable","16":"purchasable","17":"product-type-simple"},"_links":{"self":[{"href":"https:\/\/manantialdelasflores.com\/es\/wp-json\/wp\/v2\/product\/121","targetHints":{"allow":["GET"]}}],"collection":[{"href":"https:\/\/manantialdelasflores.com\/es\/wp-json\/wp\/v2\/product"}],"about":[{"href":"https:\/\/manantialdelasflores.com\/es\/wp-json\/wp\/v2\/types\/product"}],"replies":[{"embeddable":true,"href":"https:\/\/manantialdelasflores.com\/es\/wp-json\/wp\/v2\/comments?post=121"}],"wp:featuredmedia":[{"embeddable":true,"href":"https:\/\/manantialdelasflores.com\/es\/wp-json\/wp\/v2\/media\/115"}],"wp:attachment":[{"href":"https:\/\/manantialdelasflores.com\/es\/wp-json\/wp\/v2\/media?parent=121"}],"wp:term":[{"taxonomy":"product_brand","embeddable":true,"href":"https:\/\/manantialdelasflores.com\/es\/wp-json\/wp\/v2\/product_brand?post=121"},{"taxonomy":"product_cat","embeddable":true,"href":"https:\/\/manantialdelasflores.com\/es\/wp-json\/wp\/v2\/product_cat?post=121"},{"taxonomy":"product_tag","embeddable":true,"href":"https:\/\/manantialdelasflores.com\/es\/wp-json\/wp\/v2\/product_tag?post=121"}],"curies":[{"name":"wp","href":"https:\/\/api.w.org\/{rel}","templated":true}]}}