{"id":1214,"date":"2024-04-11T23:51:55","date_gmt":"2024-04-11T23:51:55","guid":{"rendered":"https:\/\/manantialdelasflores.com\/?post_type=product&#038;p=1214"},"modified":"2025-06-17T19:06:31","modified_gmt":"2025-06-17T19:06:31","slug":"platano-deshidratado-con-cayena-y-limon","status":"publish","type":"product","link":"https:\/\/manantialdelasflores.com\/es\/shop\/platano-deshidratado-con-cayena-y-limon\/","title":{"rendered":"Pl\u00e1tano deshidratado con cayena y lim\u00f3n"},"content":{"rendered":"<p>Pl\u00e1tanos maduros en rodajas deshidratados y condimentados con un ligero picor perfecto para botana.<\/p>\n<p><strong>Ingredientes: <\/strong>Pl\u00e1tano, chile cayena y lim\u00f3n cultivados en el Rancho Agroecol\u00f3gico Agua Escondida, sal del Himalaya.<\/p>\n<p>Presentaci\u00f3n: Bolsa de celof\u00e1n de 30g<\/p>","protected":false},"excerpt":{"rendered":"<p>Porci\u00f3n suficiente para una persona.<\/p>","protected":false},"featured_media":0,"comment_status":"open","ping_status":"closed","template":"","meta":[],"product_brand":[],"product_cat":[72,471],"product_tag":[472,137],"class_list":{"0":"post-1214","1":"product","2":"type-product","3":"status-publish","5":"product_cat-alimentacion","6":"product_cat-alimentos-varios","7":"product_tag-cayena","8":"product_tag-platano","10":"first","11":"outofstock","12":"shipping-taxable","13":"purchasable","14":"product-type-simple"},"_links":{"self":[{"href":"https:\/\/manantialdelasflores.com\/es\/wp-json\/wp\/v2\/product\/1214","targetHints":{"allow":["GET"]}}],"collection":[{"href":"https:\/\/manantialdelasflores.com\/es\/wp-json\/wp\/v2\/product"}],"about":[{"href":"https:\/\/manantialdelasflores.com\/es\/wp-json\/wp\/v2\/types\/product"}],"replies":[{"embeddable":true,"href":"https:\/\/manantialdelasflores.com\/es\/wp-json\/wp\/v2\/comments?post=1214"}],"wp:attachment":[{"href":"https:\/\/manantialdelasflores.com\/es\/wp-json\/wp\/v2\/media?parent=1214"}],"wp:term":[{"taxonomy":"product_brand","embeddable":true,"href":"https:\/\/manantialdelasflores.com\/es\/wp-json\/wp\/v2\/product_brand?post=1214"},{"taxonomy":"product_cat","embeddable":true,"href":"https:\/\/manantialdelasflores.com\/es\/wp-json\/wp\/v2\/product_cat?post=1214"},{"taxonomy":"product_tag","embeddable":true,"href":"https:\/\/manantialdelasflores.com\/es\/wp-json\/wp\/v2\/product_tag?post=1214"}],"curies":[{"name":"wp","href":"https:\/\/api.w.org\/{rel}","templated":true}]}}