{"id":1216,"date":"2024-04-12T00:11:41","date_gmt":"2024-04-12T00:11:41","guid":{"rendered":"https:\/\/manantialdelasflores.com\/?post_type=product&#038;p=1216"},"modified":"2025-03-19T21:34:05","modified_gmt":"2025-03-19T21:34:05","slug":"mezcla-de-flores-comestibles-y-deshidratadas","status":"publish","type":"product","link":"https:\/\/manantialdelasflores.com\/es\/shop\/mezcla-de-flores-comestibles-y-deshidratadas\/","title":{"rendered":"Mezcla de Flores comestibles y deshidratadas"},"content":{"rendered":"<p>Para disfrutar de las cualidades alimenticias y est\u00e9ticas de las flores, preparamos esta deliciosa mezcla con las de nuestro jard\u00edn en primavera.<\/p>\n<p><strong>Ingredientes:<\/strong> P\u00e9talos deshidratados de: Calendula officinalis (cal\u00e9ndula) Tropaealum majus (mastuerzo), Allium cepa (cebollinos), Oenothera biennis (pr\u00edmula), Helianthus annuus (girasol) y Chrysanthemum coronarium (crisantemo garland) todas cultivadas en el Rancho Agroecol\u00f3gico Agua Escondida.<\/p>\n<p><strong>Presentaci\u00f3n:<\/strong> Bolsa kraft con 7g<\/p>","protected":false},"excerpt":{"rendered":"<p>Espolvorear sobre ensaladas, sopas, arroz o guisos a la hora de servir.<\/p>","protected":false},"featured_media":0,"comment_status":"open","ping_status":"closed","template":"","meta":[],"product_brand":[],"product_cat":[72,471],"product_tag":[48,80,460],"class_list":{"0":"post-1216","1":"product","2":"type-product","3":"status-publish","5":"product_cat-alimentacion","6":"product_cat-alimentos-varios","7":"product_tag-calendula","8":"product_tag-flores","9":"product_tag-mastuerzo","11":"first","12":"instock","13":"shipping-taxable","14":"purchasable","15":"product-type-simple"},"_links":{"self":[{"href":"https:\/\/manantialdelasflores.com\/es\/wp-json\/wp\/v2\/product\/1216","targetHints":{"allow":["GET"]}}],"collection":[{"href":"https:\/\/manantialdelasflores.com\/es\/wp-json\/wp\/v2\/product"}],"about":[{"href":"https:\/\/manantialdelasflores.com\/es\/wp-json\/wp\/v2\/types\/product"}],"replies":[{"embeddable":true,"href":"https:\/\/manantialdelasflores.com\/es\/wp-json\/wp\/v2\/comments?post=1216"}],"wp:attachment":[{"href":"https:\/\/manantialdelasflores.com\/es\/wp-json\/wp\/v2\/media?parent=1216"}],"wp:term":[{"taxonomy":"product_brand","embeddable":true,"href":"https:\/\/manantialdelasflores.com\/es\/wp-json\/wp\/v2\/product_brand?post=1216"},{"taxonomy":"product_cat","embeddable":true,"href":"https:\/\/manantialdelasflores.com\/es\/wp-json\/wp\/v2\/product_cat?post=1216"},{"taxonomy":"product_tag","embeddable":true,"href":"https:\/\/manantialdelasflores.com\/es\/wp-json\/wp\/v2\/product_tag?post=1216"}],"curies":[{"name":"wp","href":"https:\/\/api.w.org\/{rel}","templated":true}]}}