{"id":123,"date":"2022-11-23T16:54:17","date_gmt":"2022-11-23T16:54:17","guid":{"rendered":"https:\/\/manantialdelasflores.com\/?post_type=product&#038;p=123"},"modified":"2025-12-09T20:33:10","modified_gmt":"2025-12-09T20:33:10","slug":"locion-de-ortiga","status":"publish","type":"product","link":"https:\/\/manantialdelasflores.com\/es\/shop\/locion-de-ortiga\/","title":{"rendered":"Loci\u00f3n de ortiga"},"content":{"rendered":"<div class=\"short-description\">\n<div class=\"std\">\n<p>En caso de p\u00e9rdida severa y acelerada puede usarse como masaje directo en cuero cabelludo y dejarse unos 20 minutos, lavar luego el pelo con el champ\u00fa de ortiga y usar como enjuague final la misma loci\u00f3n diluida como los enjuagues acondicionadores.<\/p>\n<p><strong>Ingredientes:<\/strong> Vinagre de manzana, tintura de ortiga org\u00e1nica, albahaca, mastuerzo, zacate lim\u00f3n y pachuli org\u00e1nicos, aceite de semilla de toronja y aceite esencial de albahaca.<\/p>\n<\/div>\n<\/div>\n<div class=\"sku\"><strong>Presentaci\u00f3n:<\/strong> Botella de PET de 250ml.<\/div>","protected":false},"excerpt":{"rendered":"<p>Para prevenir y controlar la ca\u00edda de cabello. 100% vegano y natural.<\/p>","protected":false},"featured_media":118,"comment_status":"open","ping_status":"closed","template":"","meta":[],"product_brand":[],"product_cat":[41,18,28],"product_tag":[42,29,31],"class_list":{"0":"post-123","1":"product","2":"type-product","3":"status-publish","4":"has-post-thumbnail","6":"product_cat-acondicionador","7":"product_cat-cuidado-corporal","8":"product_cat-cuidado-del-cabello","9":"product_tag-acondicionador","10":"product_tag-cuidado-del-cabello","11":"product_tag-ortiga","13":"first","14":"instock","15":"shipping-taxable","16":"purchasable","17":"product-type-simple"},"_links":{"self":[{"href":"https:\/\/manantialdelasflores.com\/es\/wp-json\/wp\/v2\/product\/123","targetHints":{"allow":["GET"]}}],"collection":[{"href":"https:\/\/manantialdelasflores.com\/es\/wp-json\/wp\/v2\/product"}],"about":[{"href":"https:\/\/manantialdelasflores.com\/es\/wp-json\/wp\/v2\/types\/product"}],"replies":[{"embeddable":true,"href":"https:\/\/manantialdelasflores.com\/es\/wp-json\/wp\/v2\/comments?post=123"}],"wp:featuredmedia":[{"embeddable":true,"href":"https:\/\/manantialdelasflores.com\/es\/wp-json\/wp\/v2\/media\/118"}],"wp:attachment":[{"href":"https:\/\/manantialdelasflores.com\/es\/wp-json\/wp\/v2\/media?parent=123"}],"wp:term":[{"taxonomy":"product_brand","embeddable":true,"href":"https:\/\/manantialdelasflores.com\/es\/wp-json\/wp\/v2\/product_brand?post=123"},{"taxonomy":"product_cat","embeddable":true,"href":"https:\/\/manantialdelasflores.com\/es\/wp-json\/wp\/v2\/product_cat?post=123"},{"taxonomy":"product_tag","embeddable":true,"href":"https:\/\/manantialdelasflores.com\/es\/wp-json\/wp\/v2\/product_tag?post=123"}],"curies":[{"name":"wp","href":"https:\/\/api.w.org\/{rel}","templated":true}]}}