{"id":124,"date":"2022-11-23T17:01:58","date_gmt":"2022-11-23T17:01:58","guid":{"rendered":"https:\/\/manantialdelasflores.com\/?post_type=product&#038;p=124"},"modified":"2025-03-19T21:34:58","modified_gmt":"2025-03-19T21:34:58","slug":"aceite-para-cabello-reseco","status":"publish","type":"product","link":"https:\/\/manantialdelasflores.com\/es\/shop\/aceite-para-cabello-reseco\/","title":{"rendered":"Aceite para cabello"},"content":{"rendered":"<div class=\"short-description\">\n<div class=\"std\">\n<p>Para reforzar su acci\u00f3n hidratante y nutritiva, \u00fasalo en muy peque\u00f1as cantidades en el cabello h\u00famedo extendi\u00e9ndolo desde las ra\u00edces hasta las puntas.<\/p>\n<p><strong>Ingredientes:<\/strong> Aceite de jojoba, aceite de aguacate, aceite de oliva prensado en fr\u00edo, aceite de germen de trigo, aceite de ajonjol\u00ed, lavanda, romero y aceites esenciales de lavanda y romero.<\/p>\n<\/div>\n<\/div>\n<div class=\"sku\">\n<p><strong>Presentaci\u00f3n:<\/strong> Botella de PET de 60ml. con dispensador<\/p>\n<\/div>","protected":false},"excerpt":{"rendered":"<p>Aceite para el cabello reseco, hecho con lavanda y romero por su <span class=\"s1\">acci\u00f3n hidratante y nutritiva. 100% vegano y natural.<\/span><\/p>","protected":false},"featured_media":119,"comment_status":"open","ping_status":"closed","template":"","meta":[],"product_brand":[],"product_cat":[41,18,28],"product_tag":[362,43,363,29,44],"class_list":{"0":"post-124","1":"product","2":"type-product","3":"status-publish","4":"has-post-thumbnail","6":"product_cat-acondicionador","7":"product_cat-cuidado-corporal","8":"product_cat-cuidado-del-cabello","9":"product_tag-aceite-capilar","10":"product_tag-aceite-para-cabello","11":"product_tag-cabello-reseco","12":"product_tag-cuidado-del-cabello","13":"product_tag-lavanda","15":"first","16":"instock","17":"shipping-taxable","18":"purchasable","19":"product-type-simple"},"_links":{"self":[{"href":"https:\/\/manantialdelasflores.com\/es\/wp-json\/wp\/v2\/product\/124","targetHints":{"allow":["GET"]}}],"collection":[{"href":"https:\/\/manantialdelasflores.com\/es\/wp-json\/wp\/v2\/product"}],"about":[{"href":"https:\/\/manantialdelasflores.com\/es\/wp-json\/wp\/v2\/types\/product"}],"replies":[{"embeddable":true,"href":"https:\/\/manantialdelasflores.com\/es\/wp-json\/wp\/v2\/comments?post=124"}],"wp:featuredmedia":[{"embeddable":true,"href":"https:\/\/manantialdelasflores.com\/es\/wp-json\/wp\/v2\/media\/119"}],"wp:attachment":[{"href":"https:\/\/manantialdelasflores.com\/es\/wp-json\/wp\/v2\/media?parent=124"}],"wp:term":[{"taxonomy":"product_brand","embeddable":true,"href":"https:\/\/manantialdelasflores.com\/es\/wp-json\/wp\/v2\/product_brand?post=124"},{"taxonomy":"product_cat","embeddable":true,"href":"https:\/\/manantialdelasflores.com\/es\/wp-json\/wp\/v2\/product_cat?post=124"},{"taxonomy":"product_tag","embeddable":true,"href":"https:\/\/manantialdelasflores.com\/es\/wp-json\/wp\/v2\/product_tag?post=124"}],"curies":[{"name":"wp","href":"https:\/\/api.w.org\/{rel}","templated":true}]}}