{"id":1298,"date":"2024-08-02T22:41:19","date_gmt":"2024-08-02T22:41:19","guid":{"rendered":"https:\/\/manantialdelasflores.com\/?post_type=product&#038;p=1298"},"modified":"2025-03-19T21:34:01","modified_gmt":"2025-03-19T21:34:01","slug":"chile-serrano-variedad-huatusco","status":"publish","type":"product","link":"https:\/\/manantialdelasflores.com\/es\/shop\/chile-serrano-variedad-huatusco\/","title":{"rendered":"Semilla de Chile Serrano"},"content":{"rendered":"<p>Capsicum annuum<\/p>\n<p>Originario de M\u00e9xico, estos chiles producen frutos c\u00f3nicos alargados de hasta 4 cm. que se desarrollan en verde intenso y maduran en rojo. Durante los 3 meses que tardan en crecer las plantas llegan a medir 1 m y son muy resistentes. Les gusta el clima caluroso, en climas templados mejor sembrar en invernadero.<\/p>\n<p><strong>M\u00e9todo de Siembra:<\/strong> Sembrar en alm\u00e1cigo con temperatura tibia y trasplantar cuando ya mida unos 8 cm. de alto y tenga varias hojas a 60 cm. de distancia con abono y mantener\u00a0 la humedad en la ra\u00edz. Abonar cada 15 d\u00edas con composta. Cosechar a medida que se necesiten verdes o maduros. Ideales para salsas, encurtidos o picaditos crudos. Picor medio<\/p>\n<p><strong>Contenido aproximado:<\/strong> 25 semillas<\/p>","protected":false},"excerpt":{"rendered":"<p>Semillas de polinizaci\u00f3n abierta cultivadas con m\u00e9todos totalmente naturales en el Rancho Agroecol\u00f3gico Agua Escondida y seleccionadas artesanalmente.<\/p>","protected":false},"featured_media":1415,"comment_status":"open","ping_status":"closed","template":"","meta":[],"product_brand":[],"product_cat":[325,326,466],"product_tag":[],"class_list":{"0":"post-1298","1":"product","2":"type-product","3":"status-publish","4":"has-post-thumbnail","6":"product_cat-jardin","7":"product_cat-semillas","8":"product_cat-verduras-y-vegetales","10":"first","11":"instock","12":"shipping-taxable","13":"purchasable","14":"product-type-simple"},"_links":{"self":[{"href":"https:\/\/manantialdelasflores.com\/es\/wp-json\/wp\/v2\/product\/1298","targetHints":{"allow":["GET"]}}],"collection":[{"href":"https:\/\/manantialdelasflores.com\/es\/wp-json\/wp\/v2\/product"}],"about":[{"href":"https:\/\/manantialdelasflores.com\/es\/wp-json\/wp\/v2\/types\/product"}],"replies":[{"embeddable":true,"href":"https:\/\/manantialdelasflores.com\/es\/wp-json\/wp\/v2\/comments?post=1298"}],"wp:featuredmedia":[{"embeddable":true,"href":"https:\/\/manantialdelasflores.com\/es\/wp-json\/wp\/v2\/media\/1415"}],"wp:attachment":[{"href":"https:\/\/manantialdelasflores.com\/es\/wp-json\/wp\/v2\/media?parent=1298"}],"wp:term":[{"taxonomy":"product_brand","embeddable":true,"href":"https:\/\/manantialdelasflores.com\/es\/wp-json\/wp\/v2\/product_brand?post=1298"},{"taxonomy":"product_cat","embeddable":true,"href":"https:\/\/manantialdelasflores.com\/es\/wp-json\/wp\/v2\/product_cat?post=1298"},{"taxonomy":"product_tag","embeddable":true,"href":"https:\/\/manantialdelasflores.com\/es\/wp-json\/wp\/v2\/product_tag?post=1298"}],"curies":[{"name":"wp","href":"https:\/\/api.w.org\/{rel}","templated":true}]}}