{"id":1307,"date":"2024-08-06T16:19:43","date_gmt":"2024-08-06T16:19:43","guid":{"rendered":"https:\/\/manantialdelasflores.com\/?post_type=product&#038;p=1307"},"modified":"2025-03-19T21:33:59","modified_gmt":"2025-03-19T21:33:59","slug":"calendula","status":"publish","type":"product","link":"https:\/\/manantialdelasflores.com\/es\/shop\/calendula\/","title":{"rendered":"Semilla de Cal\u00e9ndula"},"content":{"rendered":"<p>Calendula officinalis<\/p>\n<p><strong>M\u00e9todo de Siembra:<\/strong> Sembrar las semillas cubiertas con \u00bd cm de tierra en alm\u00e1cigo o directamente. Germina en 15 d\u00edas aproximadamente. Temporada de siembra: Sembrar en primavera\u00a0 y verano en un lugar ligeramente sombreado y en oto\u00f1o a pleno sol. Abonar dos veces durante su crecimiento. Cortar constantemente las flores cuando abren totalmente y comer los p\u00e9talos. Las flores completas, las semillas y las ra\u00edces tienen un amplio uso terap\u00e9utico y cosm\u00e9tico.<\/p>\n<p><strong>Contenido aproximado:<\/strong> 35 semillas<\/p>","protected":false},"excerpt":{"rendered":"<p>Planta anual que se cultiva especialmente por sus flores comestibles y medicinales, parecidas a las margaritas en colores amarillos y anaranjados, que crece f\u00e1cilmente hasta en terrenos pobres.<\/p>","protected":false},"featured_media":0,"comment_status":"open","ping_status":"closed","template":"","meta":[],"product_brand":[],"product_cat":[463,465,326],"product_tag":[48],"class_list":{"0":"post-1307","1":"product","2":"type-product","3":"status-publish","5":"product_cat-flores-comestibles","6":"product_cat-hierbas-medicinales","7":"product_cat-semillas","8":"product_tag-calendula","10":"first","11":"instock","12":"shipping-taxable","13":"purchasable","14":"product-type-simple"},"_links":{"self":[{"href":"https:\/\/manantialdelasflores.com\/es\/wp-json\/wp\/v2\/product\/1307","targetHints":{"allow":["GET"]}}],"collection":[{"href":"https:\/\/manantialdelasflores.com\/es\/wp-json\/wp\/v2\/product"}],"about":[{"href":"https:\/\/manantialdelasflores.com\/es\/wp-json\/wp\/v2\/types\/product"}],"replies":[{"embeddable":true,"href":"https:\/\/manantialdelasflores.com\/es\/wp-json\/wp\/v2\/comments?post=1307"}],"wp:attachment":[{"href":"https:\/\/manantialdelasflores.com\/es\/wp-json\/wp\/v2\/media?parent=1307"}],"wp:term":[{"taxonomy":"product_brand","embeddable":true,"href":"https:\/\/manantialdelasflores.com\/es\/wp-json\/wp\/v2\/product_brand?post=1307"},{"taxonomy":"product_cat","embeddable":true,"href":"https:\/\/manantialdelasflores.com\/es\/wp-json\/wp\/v2\/product_cat?post=1307"},{"taxonomy":"product_tag","embeddable":true,"href":"https:\/\/manantialdelasflores.com\/es\/wp-json\/wp\/v2\/product_tag?post=1307"}],"curies":[{"name":"wp","href":"https:\/\/api.w.org\/{rel}","templated":true}]}}