{"id":1314,"date":"2024-08-06T17:38:01","date_gmt":"2024-08-06T17:38:01","guid":{"rendered":"https:\/\/manantialdelasflores.com\/?post_type=product&#038;p=1314"},"modified":"2025-03-19T21:33:57","modified_gmt":"2025-03-19T21:33:57","slug":"ejote-vibora-de-cascabel","status":"publish","type":"product","link":"https:\/\/manantialdelasflores.com\/es\/shop\/ejote-vibora-de-cascabel\/","title":{"rendered":"Semilla de Ejote Vibora de Cascabel"},"content":{"rendered":"<p>Phaseolus vulgaris<\/p>\n<p>Este delicioso ejote trepador debe su existencia a la preservaci\u00f3n de horticultores del mundo que lo han ido guardando de generaci\u00f3n en generaci\u00f3n. Suele crecer muy alto necesitando tutores, muros o vallas para que\u00a0 pueda llegar a los dos metros de alto que suele medir y comenzar a llenarse de largos ejotes color verde salpicados con rayitas de color p\u00farpura .Cuando se dejan madurar las vainas encontraremos los frijoles color caf\u00e9 con rayas m\u00e1s obscuras. Muy prol\u00edfico en las estaciones calurosas.<\/p>\n<p><strong>M\u00e9todo de Siembra:<\/strong> Sembrar directo a pleno sol desde marzo hasta agosto a 40 cm. de separaci\u00f3n y poner tutores cuando las matas tengan unos 20 cm. cuidando no da\u00f1ar las ra\u00edces. Abonar a la hora de sembrar y una vez m\u00e1s cuando se deshierbe. Mantener con buena humedad y acolchado. Germina a los nueve d\u00edas. Cosechar tierno para ejotes constantemente y dejar en vaina para uso como frijol. Es exquisito en sopas con verduras.<\/p>\n<p><strong>Contenido aproximado:<\/strong> 35 semillas<\/p>","protected":false},"excerpt":{"rendered":"<p>Semillas de polinizaci\u00f3n abierta cultivadas con m\u00e9todos totalmente naturales en el Rancho Agroecol\u00f3gico Agua Escondida y seleccionadas artesanalmente.<\/p>","protected":false},"featured_media":0,"comment_status":"open","ping_status":"closed","template":"","meta":[],"product_brand":[],"product_cat":[325,326,466],"product_tag":[],"class_list":{"0":"post-1314","1":"product","2":"type-product","3":"status-publish","5":"product_cat-jardin","6":"product_cat-semillas","7":"product_cat-verduras-y-vegetales","9":"first","10":"instock","11":"shipping-taxable","12":"purchasable","13":"product-type-simple"},"_links":{"self":[{"href":"https:\/\/manantialdelasflores.com\/es\/wp-json\/wp\/v2\/product\/1314","targetHints":{"allow":["GET"]}}],"collection":[{"href":"https:\/\/manantialdelasflores.com\/es\/wp-json\/wp\/v2\/product"}],"about":[{"href":"https:\/\/manantialdelasflores.com\/es\/wp-json\/wp\/v2\/types\/product"}],"replies":[{"embeddable":true,"href":"https:\/\/manantialdelasflores.com\/es\/wp-json\/wp\/v2\/comments?post=1314"}],"wp:attachment":[{"href":"https:\/\/manantialdelasflores.com\/es\/wp-json\/wp\/v2\/media?parent=1314"}],"wp:term":[{"taxonomy":"product_brand","embeddable":true,"href":"https:\/\/manantialdelasflores.com\/es\/wp-json\/wp\/v2\/product_brand?post=1314"},{"taxonomy":"product_cat","embeddable":true,"href":"https:\/\/manantialdelasflores.com\/es\/wp-json\/wp\/v2\/product_cat?post=1314"},{"taxonomy":"product_tag","embeddable":true,"href":"https:\/\/manantialdelasflores.com\/es\/wp-json\/wp\/v2\/product_tag?post=1314"}],"curies":[{"name":"wp","href":"https:\/\/api.w.org\/{rel}","templated":true}]}}