{"id":1344,"date":"2024-09-09T18:14:16","date_gmt":"2024-09-09T18:14:16","guid":{"rendered":"https:\/\/manantialdelasflores.com\/?post_type=product&#038;p=1344"},"modified":"2025-03-19T21:33:54","modified_gmt":"2025-03-19T21:33:54","slug":"pak-choi","status":"publish","type":"product","link":"https:\/\/manantialdelasflores.com\/es\/shop\/pak-choi\/","title":{"rendered":"Semilla de Pak Choi"},"content":{"rendered":"<p>Brassica rapa chinensis<\/p>\n<p><strong>M\u00e9todo de Siembra:<\/strong> Planta anual que es mejor sembrar en alm\u00e1cigo y trasplantar a 25 cm de distancia en cama doble excavaci\u00f3n con suficiente abono natural. Mantener bien h\u00famedas y acolchadas. Est\u00e1n listas a los dos meses de haberlas sembrado. Cosecharlas enteras y cocinar los tallos como esp\u00e1rragos y las hojas pueden servirse crudas en ensaladas\u00a0 o cocidas en lugar de acelgas o coles.<\/p>\n<p><strong>Contenido aproximado:<\/strong> 150 semillas<\/p>","protected":false},"excerpt":{"rendered":"<p>Esta deliciosa verdura cultivada por los chinos desde hace 4000 a\u00f1os tiene carnosos tallos blancos y hojas gruesas verde intenso que llegan a medir 25 cm. sin dejar de estar tiernas, ricas en calcio. Se siembran desde el oto\u00f1o hasta la primavera.<\/p>","protected":false},"featured_media":1405,"comment_status":"open","ping_status":"closed","template":"","meta":[],"product_brand":[],"product_cat":[325,326,466],"product_tag":[],"class_list":{"0":"post-1344","1":"product","2":"type-product","3":"status-publish","4":"has-post-thumbnail","6":"product_cat-jardin","7":"product_cat-semillas","8":"product_cat-verduras-y-vegetales","10":"first","11":"instock","12":"shipping-taxable","13":"purchasable","14":"product-type-simple"},"_links":{"self":[{"href":"https:\/\/manantialdelasflores.com\/es\/wp-json\/wp\/v2\/product\/1344","targetHints":{"allow":["GET"]}}],"collection":[{"href":"https:\/\/manantialdelasflores.com\/es\/wp-json\/wp\/v2\/product"}],"about":[{"href":"https:\/\/manantialdelasflores.com\/es\/wp-json\/wp\/v2\/types\/product"}],"replies":[{"embeddable":true,"href":"https:\/\/manantialdelasflores.com\/es\/wp-json\/wp\/v2\/comments?post=1344"}],"wp:featuredmedia":[{"embeddable":true,"href":"https:\/\/manantialdelasflores.com\/es\/wp-json\/wp\/v2\/media\/1405"}],"wp:attachment":[{"href":"https:\/\/manantialdelasflores.com\/es\/wp-json\/wp\/v2\/media?parent=1344"}],"wp:term":[{"taxonomy":"product_brand","embeddable":true,"href":"https:\/\/manantialdelasflores.com\/es\/wp-json\/wp\/v2\/product_brand?post=1344"},{"taxonomy":"product_cat","embeddable":true,"href":"https:\/\/manantialdelasflores.com\/es\/wp-json\/wp\/v2\/product_cat?post=1344"},{"taxonomy":"product_tag","embeddable":true,"href":"https:\/\/manantialdelasflores.com\/es\/wp-json\/wp\/v2\/product_tag?post=1344"}],"curies":[{"name":"wp","href":"https:\/\/api.w.org\/{rel}","templated":true}]}}