{"id":1373,"date":"2024-09-26T18:32:39","date_gmt":"2024-09-26T18:32:39","guid":{"rendered":"https:\/\/manantialdelasflores.com\/?post_type=product&#038;p=1373"},"modified":"2025-03-19T21:33:51","modified_gmt":"2025-03-19T21:33:51","slug":"semilla-de-frijol-adzuki","status":"publish","type":"product","link":"https:\/\/manantialdelasflores.com\/es\/shop\/semilla-de-frijol-adzuki\/","title":{"rendered":"Semilla de Frijol Aduki"},"content":{"rendered":"<p>Vigna angularis<\/p>\n<p><strong>M\u00e9todo de Siembra:<\/strong> Sembrar directo en marzo o abril a 30cm de distancia con abono, aterrar con m\u00e1s abono al mes y mantener h\u00famedo. Colocar tutores como de unos 2m de altura tempranamente y cuidar que la planta vaya recarg\u00e1ndose a medida que crece. Cosechar cuando las vainas est\u00e9n comenzando a madurar antes de que abran. Preparaci\u00f3n: Remojar durante 12hrs y cocer hasta suavizar antes de guisarlos.<\/p>\n<p><strong>Contenido aproximado: <\/strong>35\u00a0semillas<\/p>","protected":false},"excerpt":{"rendered":"<p>El frijol adzuki\/aduki se consume desde hace cientos de a\u00f1os en Asia en guisados, sopas y postres. En la medicina china tiene una gran reputaci\u00f3n terap\u00e9utica, coadyuvante en casos de enfermedad del ri\u00f1\u00f3n.<\/p>","protected":false},"featured_media":0,"comment_status":"open","ping_status":"closed","template":"","meta":[],"product_brand":[],"product_cat":[325,326,466],"product_tag":[327],"class_list":{"0":"post-1373","1":"product","2":"type-product","3":"status-publish","5":"product_cat-jardin","6":"product_cat-semillas","7":"product_cat-verduras-y-vegetales","8":"product_tag-semillas","10":"first","11":"instock","12":"shipping-taxable","13":"purchasable","14":"product-type-simple"},"_links":{"self":[{"href":"https:\/\/manantialdelasflores.com\/es\/wp-json\/wp\/v2\/product\/1373","targetHints":{"allow":["GET"]}}],"collection":[{"href":"https:\/\/manantialdelasflores.com\/es\/wp-json\/wp\/v2\/product"}],"about":[{"href":"https:\/\/manantialdelasflores.com\/es\/wp-json\/wp\/v2\/types\/product"}],"replies":[{"embeddable":true,"href":"https:\/\/manantialdelasflores.com\/es\/wp-json\/wp\/v2\/comments?post=1373"}],"wp:attachment":[{"href":"https:\/\/manantialdelasflores.com\/es\/wp-json\/wp\/v2\/media?parent=1373"}],"wp:term":[{"taxonomy":"product_brand","embeddable":true,"href":"https:\/\/manantialdelasflores.com\/es\/wp-json\/wp\/v2\/product_brand?post=1373"},{"taxonomy":"product_cat","embeddable":true,"href":"https:\/\/manantialdelasflores.com\/es\/wp-json\/wp\/v2\/product_cat?post=1373"},{"taxonomy":"product_tag","embeddable":true,"href":"https:\/\/manantialdelasflores.com\/es\/wp-json\/wp\/v2\/product_tag?post=1373"}],"curies":[{"name":"wp","href":"https:\/\/api.w.org\/{rel}","templated":true}]}}