{"id":1375,"date":"2024-09-26T19:17:43","date_gmt":"2024-09-26T19:17:43","guid":{"rendered":"https:\/\/manantialdelasflores.com\/?post_type=product&#038;p=1375"},"modified":"2026-04-06T19:04:03","modified_gmt":"2026-04-06T19:04:03","slug":"semilla-de-maracuya","status":"publish","type":"product","link":"https:\/\/manantialdelasflores.com\/es\/shop\/semilla-de-maracuya\/","title":{"rendered":"Semilla de Maracuy\u00e1"},"content":{"rendered":"<p>Passiflora edulis<\/p>\n<p><strong>M\u00e9todo de Siembra:<\/strong> Sembrar en almacigo y trasplantar a tierra rica bien drenada a pleno sol y separadas las matas como m\u00ednimo 4m. Abonar en primavera y en oto\u00f1o podar ligeramente despu\u00e9s de la fructificaci\u00f3n. Cosechar las frutas en verano cuando comienzan a amarillar y a arrugarse. La maracuy\u00e1 es dulce con cierta acidez debido a a su alto contenido de vitamina C \u00fatil para preparar bebidas, postres, etc.<\/p>\n<p><strong>Contenido aproximado: <\/strong>35\u00a0semillas<\/p>","protected":false},"excerpt":{"rendered":"<p>La fruta de la planta de maracuy\u00e1 que es perenne, se da muy bien en los climas tropicales y subtropicales, es trepadora (unos 5m) y puede recargase en un muro, p\u00e9rgola o trepar a un \u00e1rbol, necesita sol directo y un buen sost\u00e9n. Sus flores son espectaculares y tanto \u00e9stas como su hojas se pueden tomar en t\u00e9 para calmar los nervios y combatir el insomnio.<\/p>","protected":false},"featured_media":0,"comment_status":"open","ping_status":"closed","template":"","meta":[],"product_brand":[],"product_cat":[484,465,325,326],"product_tag":[327],"class_list":{"0":"post-1375","1":"product","2":"type-product","3":"status-publish","5":"product_cat-frutas","6":"product_cat-hierbas-medicinales","7":"product_cat-jardin","8":"product_cat-semillas","9":"product_tag-semillas","11":"first","12":"instock","13":"shipping-taxable","14":"purchasable","15":"product-type-simple"},"_links":{"self":[{"href":"https:\/\/manantialdelasflores.com\/es\/wp-json\/wp\/v2\/product\/1375","targetHints":{"allow":["GET"]}}],"collection":[{"href":"https:\/\/manantialdelasflores.com\/es\/wp-json\/wp\/v2\/product"}],"about":[{"href":"https:\/\/manantialdelasflores.com\/es\/wp-json\/wp\/v2\/types\/product"}],"replies":[{"embeddable":true,"href":"https:\/\/manantialdelasflores.com\/es\/wp-json\/wp\/v2\/comments?post=1375"}],"wp:attachment":[{"href":"https:\/\/manantialdelasflores.com\/es\/wp-json\/wp\/v2\/media?parent=1375"}],"wp:term":[{"taxonomy":"product_brand","embeddable":true,"href":"https:\/\/manantialdelasflores.com\/es\/wp-json\/wp\/v2\/product_brand?post=1375"},{"taxonomy":"product_cat","embeddable":true,"href":"https:\/\/manantialdelasflores.com\/es\/wp-json\/wp\/v2\/product_cat?post=1375"},{"taxonomy":"product_tag","embeddable":true,"href":"https:\/\/manantialdelasflores.com\/es\/wp-json\/wp\/v2\/product_tag?post=1375"}],"curies":[{"name":"wp","href":"https:\/\/api.w.org\/{rel}","templated":true}]}}