{"id":1389,"date":"2024-10-04T22:28:21","date_gmt":"2024-10-04T22:28:21","guid":{"rendered":"https:\/\/manantialdelasflores.com\/?post_type=product&#038;p=1389"},"modified":"2026-04-24T06:28:01","modified_gmt":"2026-04-24T06:28:01","slug":"semilla-de-ejote-oriental","status":"publish","type":"product","link":"https:\/\/manantialdelasflores.com\/es\/shop\/semilla-de-ejote-oriental\/","title":{"rendered":"Semilla de Ejote oriental"},"content":{"rendered":"<p>Vigna unguiculata sesquipedalis<\/p>\n<p><strong>M\u00e9todo de Siembra:<\/strong> Se siembran en primavera en camas de doble excavaci\u00f3n con composta. La coloca temprana de tutores apoyar\u00e1 mucho su crecimiento. Abonar cuendo empiezen a florear y asefurarse de que se vaya conduciendo en el tutor. Se empiezan a cosechar a partir del final del 3er mes.<\/p>\n<p><strong>Contenido aproximado: <\/strong>35 semillas<\/p>","protected":false},"excerpt":{"rendered":"<p>Son un \u00e9xito en climas tropicales y subtropicales. Llegan a crecer 40cm y son considerados los mas finos ejotes. Rebanados, cocidos y servidos con poco de ghee \u00f3 mantequilla tienen un exquisito sabor a nuez. Tambi\u00e9n se usan en las cocinas chinas y del sudoeste asi\u00e1tico.<\/p>","protected":false},"featured_media":0,"comment_status":"open","ping_status":"closed","template":"","meta":[],"product_brand":[],"product_cat":[325,326,466],"product_tag":[327],"class_list":{"0":"post-1389","1":"product","2":"type-product","3":"status-publish","5":"product_cat-jardin","6":"product_cat-semillas","7":"product_cat-verduras-y-vegetales","8":"product_tag-semillas","10":"first","11":"instock","12":"shipping-taxable","13":"purchasable","14":"product-type-simple"},"_links":{"self":[{"href":"https:\/\/manantialdelasflores.com\/es\/wp-json\/wp\/v2\/product\/1389","targetHints":{"allow":["GET"]}}],"collection":[{"href":"https:\/\/manantialdelasflores.com\/es\/wp-json\/wp\/v2\/product"}],"about":[{"href":"https:\/\/manantialdelasflores.com\/es\/wp-json\/wp\/v2\/types\/product"}],"replies":[{"embeddable":true,"href":"https:\/\/manantialdelasflores.com\/es\/wp-json\/wp\/v2\/comments?post=1389"}],"wp:attachment":[{"href":"https:\/\/manantialdelasflores.com\/es\/wp-json\/wp\/v2\/media?parent=1389"}],"wp:term":[{"taxonomy":"product_brand","embeddable":true,"href":"https:\/\/manantialdelasflores.com\/es\/wp-json\/wp\/v2\/product_brand?post=1389"},{"taxonomy":"product_cat","embeddable":true,"href":"https:\/\/manantialdelasflores.com\/es\/wp-json\/wp\/v2\/product_cat?post=1389"},{"taxonomy":"product_tag","embeddable":true,"href":"https:\/\/manantialdelasflores.com\/es\/wp-json\/wp\/v2\/product_tag?post=1389"}],"curies":[{"name":"wp","href":"https:\/\/api.w.org\/{rel}","templated":true}]}}