{"id":143,"date":"2022-11-28T23:47:46","date_gmt":"2022-11-28T23:47:46","guid":{"rendered":"https:\/\/manantialdelasflores.com\/?post_type=product&#038;p=143"},"modified":"2025-03-19T21:34:58","modified_gmt":"2025-03-19T21:34:58","slug":"pasta-dental-menta","status":"publish","type":"product","link":"https:\/\/manantialdelasflores.com\/es\/shop\/pasta-dental-menta\/","title":{"rendered":"Pasta dental menta"},"content":{"rendered":"<div class=\"short-description\">\n<div class=\"std\">\n<p class=\"p1\"><span class=\"s1\">Pasta suave que penetra libremente por los dientes y se puede enjuagar bien, hecha con ingredientes naturales y bot\u00e1nicos cultivados por nosotros mismos. Recuerda que no es necesario usar grandes cantidades de pasta dental, sino cepillar correctamente.<\/span><\/p>\n<p><strong>Ingredientes: <\/strong>Carbonato de calcio, agua destilada de \u00e1rbol del t\u00e9, t\u00e9 verde, goma xantana, goma de tragacanto, glicerina vegetal, extracto de para\u00edso, manzanilla y \u00e1rbol del t\u00e9, Stevia y xilitol y aceites esenciales de menta y \u00e1rbol del t\u00e9 y como conservador aceite de semilla de toronja.<\/p>\n<\/div>\n<\/div>\n<div class=\"sku\">\n<p><strong>Presentaci\u00f3n:<\/strong> Tubo de polietileno de baja densidad reciclable con 65g.<\/p>\n<\/div>","protected":false},"excerpt":{"rendered":"<p class=\"p1\"><span class=\"s1\">Antis\u00e9ptica, antibacteriana y cicatrizante. P<\/span>ara mantener la boca limpia y libre de bacterias.<span class=\"s1\">\u00a0100% natural y vegana.<\/span><\/p>","protected":false},"featured_media":141,"comment_status":"open","ping_status":"closed","template":"","meta":[],"product_brand":[],"product_cat":[18,45],"product_tag":[46,34,47],"class_list":{"0":"post-143","1":"product","2":"type-product","3":"status-publish","4":"has-post-thumbnail","6":"product_cat-cuidado-corporal","7":"product_cat-higiene-bucal","8":"product_tag-higiene-bucal","9":"product_tag-menta","10":"product_tag-pasta-dental","12":"first","13":"instock","14":"shipping-taxable","15":"purchasable","16":"product-type-simple"},"_links":{"self":[{"href":"https:\/\/manantialdelasflores.com\/es\/wp-json\/wp\/v2\/product\/143","targetHints":{"allow":["GET"]}}],"collection":[{"href":"https:\/\/manantialdelasflores.com\/es\/wp-json\/wp\/v2\/product"}],"about":[{"href":"https:\/\/manantialdelasflores.com\/es\/wp-json\/wp\/v2\/types\/product"}],"replies":[{"embeddable":true,"href":"https:\/\/manantialdelasflores.com\/es\/wp-json\/wp\/v2\/comments?post=143"}],"wp:featuredmedia":[{"embeddable":true,"href":"https:\/\/manantialdelasflores.com\/es\/wp-json\/wp\/v2\/media\/141"}],"wp:attachment":[{"href":"https:\/\/manantialdelasflores.com\/es\/wp-json\/wp\/v2\/media?parent=143"}],"wp:term":[{"taxonomy":"product_brand","embeddable":true,"href":"https:\/\/manantialdelasflores.com\/es\/wp-json\/wp\/v2\/product_brand?post=143"},{"taxonomy":"product_cat","embeddable":true,"href":"https:\/\/manantialdelasflores.com\/es\/wp-json\/wp\/v2\/product_cat?post=143"},{"taxonomy":"product_tag","embeddable":true,"href":"https:\/\/manantialdelasflores.com\/es\/wp-json\/wp\/v2\/product_tag?post=143"}],"curies":[{"name":"wp","href":"https:\/\/api.w.org\/{rel}","templated":true}]}}