{"id":170,"date":"2022-11-30T19:11:38","date_gmt":"2022-11-30T19:11:38","guid":{"rendered":"https:\/\/manantialdelasflores.com\/?post_type=product&#038;p=170"},"modified":"2025-03-19T21:34:56","modified_gmt":"2025-03-19T21:34:56","slug":"talco-artesanal","status":"publish","type":"product","link":"https:\/\/manantialdelasflores.com\/es\/shop\/talco-artesanal\/","title":{"rendered":"Talco artesanal"},"content":{"rendered":"<div class=\"short-description\">\n<div class=\"std\">\n<p class=\"p1\"><span class=\"s1\">Desgraciadamente los talcos comerciales contienen polvo de aluminio que es muy peligroso para la piel, especialmente la de los beb\u00e9s. Elaboramos este suave talco u<\/span><span class=\"s1\">tilizando el polvo del sag\u00fa (Maranta arundinacea) que cultivamos, procesamos y molemos finamente con capullos de lavanda y p\u00e9talos de cal\u00e9ndula para obtener un talco universal que todos pueden usar.<\/span><\/p>\n<p><strong>Uso:<\/strong> En los beb\u00e9s usar despu\u00e9s de cada cambio de pa\u00f1al y del ba\u00f1o. Para la higiene femenina; para los pies, sobre todo cuando se usan tenis y para cualquier otro uso convencional del talco.<\/p>\n<p><strong>Ingredientes:<\/strong> Maranta arundinacea (arrurruz), Lavanda angustifolia (lavanda) y Calendula officinalis (cal\u00e9ndula).<\/p>\n<\/div>\n<\/div>\n<div class=\"sku\">\n<p><strong>Presentaci\u00f3n: <\/strong>Talquera con dispensador de 120g.<strong><br \/>\n<\/strong><\/p>\n<\/div>","protected":false},"excerpt":{"rendered":"<p>Para todos los usos: Beb\u00e9s, higiene femenina y masculina. <span class=\"s1\">Sus efectos son: secar, desinflamar y combatir infecciones. 100% vegano y natural.<\/span><\/p>","protected":false},"featured_media":171,"comment_status":"open","ping_status":"closed","template":"","meta":[],"product_brand":[],"product_cat":[18,111],"product_tag":[64,392,65,391,63],"class_list":{"0":"post-170","1":"product","2":"type-product","3":"status-publish","4":"has-post-thumbnail","6":"product_cat-cuidado-corporal","7":"product_cat-limpieza-corporal","8":"product_tag-bebes","9":"product_tag-desinflamar","10":"product_tag-higiene","11":"product_tag-secar","12":"product_tag-talco","14":"first","15":"instock","16":"shipping-taxable","17":"purchasable","18":"product-type-simple"},"_links":{"self":[{"href":"https:\/\/manantialdelasflores.com\/es\/wp-json\/wp\/v2\/product\/170","targetHints":{"allow":["GET"]}}],"collection":[{"href":"https:\/\/manantialdelasflores.com\/es\/wp-json\/wp\/v2\/product"}],"about":[{"href":"https:\/\/manantialdelasflores.com\/es\/wp-json\/wp\/v2\/types\/product"}],"replies":[{"embeddable":true,"href":"https:\/\/manantialdelasflores.com\/es\/wp-json\/wp\/v2\/comments?post=170"}],"wp:featuredmedia":[{"embeddable":true,"href":"https:\/\/manantialdelasflores.com\/es\/wp-json\/wp\/v2\/media\/171"}],"wp:attachment":[{"href":"https:\/\/manantialdelasflores.com\/es\/wp-json\/wp\/v2\/media?parent=170"}],"wp:term":[{"taxonomy":"product_brand","embeddable":true,"href":"https:\/\/manantialdelasflores.com\/es\/wp-json\/wp\/v2\/product_brand?post=170"},{"taxonomy":"product_cat","embeddable":true,"href":"https:\/\/manantialdelasflores.com\/es\/wp-json\/wp\/v2\/product_cat?post=170"},{"taxonomy":"product_tag","embeddable":true,"href":"https:\/\/manantialdelasflores.com\/es\/wp-json\/wp\/v2\/product_tag?post=170"}],"curies":[{"name":"wp","href":"https:\/\/api.w.org\/{rel}","templated":true}]}}