{"id":1787,"date":"2025-04-01T22:59:23","date_gmt":"2025-04-01T22:59:23","guid":{"rendered":"https:\/\/manantialdelasflores.com\/?post_type=product&#038;p=1787"},"modified":"2026-04-15T00:31:06","modified_gmt":"2026-04-15T00:31:06","slug":"aceite-de-oregano","status":"publish","type":"product","link":"https:\/\/manantialdelasflores.com\/es\/shop\/aceite-de-oregano\/","title":{"rendered":"Aceite de Or\u00e9gano"},"content":{"rendered":"<p>El aceite de Origanum vulgare es muy fuerte y dosis altas deben ser usadas por cortos per\u00edodos de tiempo. No debe ser usado por m\u00e1s de un mes sin descanso. Siempre es mejor empezar con una dosis baja y gradualmente incrementarla hasta llegar a 10 gotas 3 veces al d\u00eda por 10 d\u00edas, descansar por 10 d\u00edas y repetir.<\/p>\n<p><strong>Precauciones:<\/strong> Evitar durante embarazo o lactancia; insuficiencia hep\u00e1tica o \u00falcera p\u00e9ptica.<\/p>\n<p><strong>Ingredientes<\/strong>: Aceite de oliva extra virgen y Origanum vulgare (or\u00e9gano) cultivado en el Rancho Agroecol\u00f3gico Agua Escondida.<\/p>\n<p><strong>Presentaci\u00f3n:<\/strong> Frasco de cristal verde de 30ml con gotero<\/p>","protected":false},"excerpt":{"rendered":"<p>El aceite de or\u00e9gano es una herramienta extremadamente potente en contra de bacterias, virus y hongos. Las sustancias activas que contiene: CARVACROL, THYMOL y ACIDO ROSMARINICO contienen compuestos antimicrobianos que eliminan pat\u00f3genos y reducen el estr\u00e9s oxidativo. Especialmente indicado para Candida albicans<\/p>","protected":false},"featured_media":0,"comment_status":"open","ping_status":"closed","template":"","meta":[],"product_brand":[],"product_cat":[132,134],"product_tag":[382,487],"class_list":{"0":"post-1787","1":"product","2":"type-product","3":"status-publish","5":"product_cat-suplementos-alimenticios","6":"product_cat-tintura-y-extractos","7":"product_tag-aceite","8":"product_tag-oregano","10":"first","11":"instock","12":"shipping-taxable","13":"purchasable","14":"product-type-simple"},"_links":{"self":[{"href":"https:\/\/manantialdelasflores.com\/es\/wp-json\/wp\/v2\/product\/1787","targetHints":{"allow":["GET"]}}],"collection":[{"href":"https:\/\/manantialdelasflores.com\/es\/wp-json\/wp\/v2\/product"}],"about":[{"href":"https:\/\/manantialdelasflores.com\/es\/wp-json\/wp\/v2\/types\/product"}],"replies":[{"embeddable":true,"href":"https:\/\/manantialdelasflores.com\/es\/wp-json\/wp\/v2\/comments?post=1787"}],"wp:attachment":[{"href":"https:\/\/manantialdelasflores.com\/es\/wp-json\/wp\/v2\/media?parent=1787"}],"wp:term":[{"taxonomy":"product_brand","embeddable":true,"href":"https:\/\/manantialdelasflores.com\/es\/wp-json\/wp\/v2\/product_brand?post=1787"},{"taxonomy":"product_cat","embeddable":true,"href":"https:\/\/manantialdelasflores.com\/es\/wp-json\/wp\/v2\/product_cat?post=1787"},{"taxonomy":"product_tag","embeddable":true,"href":"https:\/\/manantialdelasflores.com\/es\/wp-json\/wp\/v2\/product_tag?post=1787"}],"curies":[{"name":"wp","href":"https:\/\/api.w.org\/{rel}","templated":true}]}}