{"id":222,"date":"2022-12-30T20:37:21","date_gmt":"2022-12-30T20:37:21","guid":{"rendered":"https:\/\/manantialdelasflores.com\/?post_type=product&#038;p=222"},"modified":"2026-02-26T21:11:19","modified_gmt":"2026-02-26T21:11:19","slug":"menta-y-jengibre-para-te","status":"publish","type":"product","link":"https:\/\/manantialdelasflores.com\/es\/shop\/menta-y-jengibre-para-te\/","title":{"rendered":"Menta y Jengibre\u00a0para T\u00e9"},"content":{"rendered":"<p>Digestivo, desinflamante, estabilizador de las funciones intestinales, contra gases.<\/p>\n<p><strong>Modo de preparar: <\/strong>Hervir una taza de agua con una cucharadita de las hierbas. Tapar y hervir 10 minutos a fuego lento. Reposar, colar y endulzar si se desea<\/p>\n<div class=\"sku\"><strong>Ingredientes:<\/strong> Mentas varias, zacate lim\u00f3n, jengibre y c\u00edtricos cultivados en el Rancho Agroecol\u00f3gico Agua Escondida<\/div>","protected":false},"excerpt":{"rendered":"<div class=\"short-description\">\n<div class=\"std\">Deliciosa mezcla para ayudar a la digesti\u00f3n. Puede tomarse fr\u00edo o caliente entre comidas.<\/div>\n<\/div>","protected":false},"featured_media":210,"comment_status":"open","ping_status":"closed","template":"","meta":[],"product_brand":[],"product_cat":[72,73],"product_tag":[83,34,74],"class_list":{"0":"post-222","1":"product","2":"type-product","3":"status-publish","4":"has-post-thumbnail","6":"product_cat-alimentacion","7":"product_cat-tes-y-cafes","8":"product_tag-jengibre","9":"product_tag-menta","10":"product_tag-te","12":"first","13":"instock","14":"shipping-taxable","15":"purchasable","16":"product-type-simple"},"_links":{"self":[{"href":"https:\/\/manantialdelasflores.com\/es\/wp-json\/wp\/v2\/product\/222","targetHints":{"allow":["GET"]}}],"collection":[{"href":"https:\/\/manantialdelasflores.com\/es\/wp-json\/wp\/v2\/product"}],"about":[{"href":"https:\/\/manantialdelasflores.com\/es\/wp-json\/wp\/v2\/types\/product"}],"replies":[{"embeddable":true,"href":"https:\/\/manantialdelasflores.com\/es\/wp-json\/wp\/v2\/comments?post=222"}],"wp:featuredmedia":[{"embeddable":true,"href":"https:\/\/manantialdelasflores.com\/es\/wp-json\/wp\/v2\/media\/210"}],"wp:attachment":[{"href":"https:\/\/manantialdelasflores.com\/es\/wp-json\/wp\/v2\/media?parent=222"}],"wp:term":[{"taxonomy":"product_brand","embeddable":true,"href":"https:\/\/manantialdelasflores.com\/es\/wp-json\/wp\/v2\/product_brand?post=222"},{"taxonomy":"product_cat","embeddable":true,"href":"https:\/\/manantialdelasflores.com\/es\/wp-json\/wp\/v2\/product_cat?post=222"},{"taxonomy":"product_tag","embeddable":true,"href":"https:\/\/manantialdelasflores.com\/es\/wp-json\/wp\/v2\/product_tag?post=222"}],"curies":[{"name":"wp","href":"https:\/\/api.w.org\/{rel}","templated":true}]}}