{"id":307,"date":"2024-01-11T17:54:03","date_gmt":"2024-01-11T17:54:03","guid":{"rendered":"https:\/\/manantialdelasflores.com\/?post_type=product&#038;p=307"},"modified":"2026-02-27T20:07:14","modified_gmt":"2026-02-27T20:07:14","slug":"morera-deshidratada-entera","status":"publish","type":"product","link":"https:\/\/manantialdelasflores.com\/es\/shop\/morera-deshidratada-entera\/","title":{"rendered":"Morera deshidratada entera"},"content":{"rendered":"<p><strong>Preparaci\u00f3n:\u00a0<\/strong>Tomar una cucharita al d\u00eda. A\u00f1adir a batidos, ensaladas, aderezos y postres. Suplemento vegano y sin gluten apto para ni\u00f1os mayores de 6 a\u00f1os hasta adultos mayores, rico en Resveratrol y contiene prote\u00edna y fibra, son muy dulces pero bajas en calor\u00edas. Puedes obtener 20% de tu requerimiento diario de fibra y 4g de Prote\u00edna con una cucharada sopera de Morera deshidratada.<\/p>\n<p><strong>Ingredientes:<\/strong>\u00a0Frutilla de morera deshidratada (Morus alba) cultivada en el Rancho Agrecol\u00f3gico Agua Escondida.<\/p>\n<p><strong>Presentaci\u00f3n:\u00a0<\/strong>Frasco de cristal con 85 g.<\/p>","protected":false},"excerpt":{"rendered":"<p>Potente antioxidante antiedad contiene resveratrol, hierro, calcio &amp; Vit C. Protege contra Alzheimer y Parkinson. Es un superalimento. 100% vegano y natural.<\/p>","protected":false},"featured_media":237,"comment_status":"open","ping_status":"closed","template":"","meta":[],"product_brand":[],"product_cat":[72,133,132],"product_tag":[],"class_list":{"0":"post-307","1":"product","2":"type-product","3":"status-publish","4":"has-post-thumbnail","6":"product_cat-alimentacion","7":"product_cat-superfoods","8":"product_cat-suplementos-alimenticios","10":"first","11":"outofstock","12":"shipping-taxable","13":"purchasable","14":"product-type-simple"},"_links":{"self":[{"href":"https:\/\/manantialdelasflores.com\/es\/wp-json\/wp\/v2\/product\/307","targetHints":{"allow":["GET"]}}],"collection":[{"href":"https:\/\/manantialdelasflores.com\/es\/wp-json\/wp\/v2\/product"}],"about":[{"href":"https:\/\/manantialdelasflores.com\/es\/wp-json\/wp\/v2\/types\/product"}],"replies":[{"embeddable":true,"href":"https:\/\/manantialdelasflores.com\/es\/wp-json\/wp\/v2\/comments?post=307"}],"wp:featuredmedia":[{"embeddable":true,"href":"https:\/\/manantialdelasflores.com\/es\/wp-json\/wp\/v2\/media\/237"}],"wp:attachment":[{"href":"https:\/\/manantialdelasflores.com\/es\/wp-json\/wp\/v2\/media?parent=307"}],"wp:term":[{"taxonomy":"product_brand","embeddable":true,"href":"https:\/\/manantialdelasflores.com\/es\/wp-json\/wp\/v2\/product_brand?post=307"},{"taxonomy":"product_cat","embeddable":true,"href":"https:\/\/manantialdelasflores.com\/es\/wp-json\/wp\/v2\/product_cat?post=307"},{"taxonomy":"product_tag","embeddable":true,"href":"https:\/\/manantialdelasflores.com\/es\/wp-json\/wp\/v2\/product_tag?post=307"}],"curies":[{"name":"wp","href":"https:\/\/api.w.org\/{rel}","templated":true}]}}