{"id":392,"date":"2023-04-18T22:50:30","date_gmt":"2023-04-18T22:50:30","guid":{"rendered":"https:\/\/manantialdelasflores.com\/?post_type=product&#038;p=392"},"modified":"2025-03-19T21:34:46","modified_gmt":"2025-03-19T21:34:46","slug":"enjuague-para-encias","status":"publish","type":"product","link":"https:\/\/manantialdelasflores.com\/es\/shop\/enjuague-para-encias\/","title":{"rendered":"Enjuague para enc\u00edas"},"content":{"rendered":"<p class=\"p1\"><span class=\"s1\">Pensando en las personas con enc\u00edas inflamadas, retr\u00e1ctiles que hacen ver los dientes m\u00e1s largos, y\/o cuando con el paso del tiempo las enc\u00edas se retraen y los dientes se aflojan, este enjuague astringente ayuda para cualquiera de estos casos. Sus <\/span>elementos b\u00e1sicos de los que se extrae una tintura madre son la base de este producto junto con salvia, aguas destiladas de \u00e1rbol del t\u00e9 y cal\u00e9ndula.<\/p>\n<p class=\"p1\"><span class=\"s1\"><b>Uso: <\/b>diluye 2 cucharadas soperas en medio vaso de agua y enjuaga varias veces despu\u00e9s de lavar los dientes, reteniendo el enjuague unos minutos en la boca. Este enjuague acompa\u00f1a principalmente la acci\u00f3n de nuestra pasta dental de <em>cal\u00e9ndula e hinojo<\/em>, aunque puedes usarla para enjuagar cualquier pasta dent\u00edfrica.<br \/>\n<\/span><br \/>\n<strong>Ingredientes:<\/strong> Tintura madre de Encino negro, salvia y c\u00farcuma, aguas destiladas de \u00e1rbol del t\u00e9 y cal\u00e9ndula y aceites esenciales de \u00e1rbol del t\u00e9, tomillo y mirra. Todos los bot\u00e1nicos de este enjuague son cultivados en el Rancho Agroecol\u00f3gico Agua Escondida.<\/p>\n<p><strong>Presentaci\u00f3n: <\/strong>Botella PET reciclable y retornable de 120 ml.<\/p>","protected":false},"excerpt":{"rendered":"<p>Para <span class=\"s1\">enc\u00edas sensibles que se inflaman, sangran y\/o retr\u00e1ctiles. <\/span>Elaborado con encino negro que tiene fuertes propiedades astrigentes y <span class=\"s1\">c\u00farcuma que es anti-inflamatoria, antibacteriana y antis\u00e9ptica. 100% vegano y natural.<\/span><\/p>","protected":false},"featured_media":393,"comment_status":"open","ping_status":"closed","template":"","meta":[],"product_brand":[],"product_cat":[18,45],"product_tag":[206,156,159,167,36,207,114,113,208,150],"class_list":{"0":"post-392","1":"product","2":"type-product","3":"status-publish","4":"has-post-thumbnail","6":"product_cat-cuidado-corporal","7":"product_cat-higiene-bucal","8":"product_tag-anti-inflamatorio","9":"product_tag-antibacteriano","10":"product_tag-antiseptico","11":"product_tag-astringente","12":"product_tag-curcuma","13":"product_tag-encias-sensible","14":"product_tag-encino-negro","15":"product_tag-enjuague-bucal","16":"product_tag-retractiles","17":"product_tag-vegano","19":"first","20":"instock","21":"shipping-taxable","22":"purchasable","23":"product-type-simple"},"_links":{"self":[{"href":"https:\/\/manantialdelasflores.com\/es\/wp-json\/wp\/v2\/product\/392","targetHints":{"allow":["GET"]}}],"collection":[{"href":"https:\/\/manantialdelasflores.com\/es\/wp-json\/wp\/v2\/product"}],"about":[{"href":"https:\/\/manantialdelasflores.com\/es\/wp-json\/wp\/v2\/types\/product"}],"replies":[{"embeddable":true,"href":"https:\/\/manantialdelasflores.com\/es\/wp-json\/wp\/v2\/comments?post=392"}],"wp:featuredmedia":[{"embeddable":true,"href":"https:\/\/manantialdelasflores.com\/es\/wp-json\/wp\/v2\/media\/393"}],"wp:attachment":[{"href":"https:\/\/manantialdelasflores.com\/es\/wp-json\/wp\/v2\/media?parent=392"}],"wp:term":[{"taxonomy":"product_brand","embeddable":true,"href":"https:\/\/manantialdelasflores.com\/es\/wp-json\/wp\/v2\/product_brand?post=392"},{"taxonomy":"product_cat","embeddable":true,"href":"https:\/\/manantialdelasflores.com\/es\/wp-json\/wp\/v2\/product_cat?post=392"},{"taxonomy":"product_tag","embeddable":true,"href":"https:\/\/manantialdelasflores.com\/es\/wp-json\/wp\/v2\/product_tag?post=392"}],"curies":[{"name":"wp","href":"https:\/\/api.w.org\/{rel}","templated":true}]}}