{"id":405,"date":"2022-10-18T23:15:02","date_gmt":"2022-10-18T23:15:02","guid":{"rendered":"https:\/\/manantialdelasflores.com\/?post_type=product&#038;p=405"},"modified":"2026-02-02T20:01:24","modified_gmt":"2026-02-02T20:01:24","slug":"tinte-vegetal-henna-tono-cobrizo-oscuro","status":"publish","type":"product","link":"https:\/\/manantialdelasflores.com\/es\/shop\/tinte-vegetal-henna-tono-cobrizo-oscuro\/","title":{"rendered":"Tinte vegetal henna tono cobrizo oscuro"},"content":{"rendered":"<p class=\"p1\"><span class=\"s1\">La henna es la hoja seca y pulverizada de un arbusto: Lawsonia inermis. No produce reacciones al\u00e9rgicas o secundarias y penetra con facilidad en el cabello ya que sus mol\u00e9culas tienen afinidad con la queratina d\u00e1ndole cuerpo y brillo al cabello.<\/span><\/p>\n<p>No aclara el tono natural del cabello. El tinte dura aproximadamente 2 meses y se va decolorando poco a poco. <span class=\"s1\">En las canas el color var\u00eda, si son muy blancas el efecto es muy anaranjado, pero si las canas son gris\u00e1ceas el color es menos espectacular.<\/span><\/p>\n<p><span class=\"s1\"><strong>No usar:<\/strong>\u00a0si tienes un tinte sint\u00e9tico, podr\u00eda quedar de colores, mejor espera a que crezca. Si tienes henna, no es recomendable aplicar otro tinte.\u00a0<\/span><span class=\"s1\">Si tienes el pelo muy seco, recomendamos aplicar, despu\u00e9s de usar la henna y despu\u00e9s de cada champ\u00fa, el\u00a0<em>Aceite Capilar de Lavanda y Romero<\/em> Manantial de las Flores al cabello a\u00fan h\u00famedo. El Tinte para el cabello es un producto totalmente biocompatible, biodegradable, natural, ecol\u00f3gico y colorea sin da\u00f1ar.<\/span><\/p>\n<p><strong>Ingredientes:<\/strong> Hojas de Lawsonia inermis (henna) y Coffea arabiga (Caf\u00e9).<\/p>\n<p><strong>Presentaci\u00f3n: <\/strong><span class=\"s1\">Bolsa de papel kraft reusable con <\/span><span class=\"s1\">100g <\/span>con instructivo de uso.<\/p>\n<p>&nbsp;<\/p>","protected":false},"excerpt":{"rendered":"<p>Para te\u00f1ir el cabello naturalmente en tono rojizo oscuro. El polvo de henna produce un tono marr\u00f3n cobrizo que oscurecemos e intensificamos con polvo de nuestro caf\u00e9 agroecol\u00f3gico. <span class=\"s1\">El cabello obtiene luz y tonos profundos. 100% vegano y natural.<\/span><\/p>","protected":false},"featured_media":407,"comment_status":"open","ping_status":"closed","template":"","meta":[],"product_brand":[],"product_cat":[18,28,115],"product_tag":[119,37,204,145,116],"class_list":{"0":"post-405","1":"product","2":"type-product","3":"status-publish","4":"has-post-thumbnail","6":"product_cat-cuidado-corporal","7":"product_cat-cuidado-del-cabello","8":"product_cat-tinte-vegetal-henna","9":"product_tag-cobrizo-oscuro","10":"product_tag-henna","11":"product_tag-rojizo","12":"product_tag-tinte","13":"product_tag-tinte-vegetal","15":"first","16":"instock","17":"shipping-taxable","18":"purchasable","19":"product-type-simple"},"_links":{"self":[{"href":"https:\/\/manantialdelasflores.com\/es\/wp-json\/wp\/v2\/product\/405","targetHints":{"allow":["GET"]}}],"collection":[{"href":"https:\/\/manantialdelasflores.com\/es\/wp-json\/wp\/v2\/product"}],"about":[{"href":"https:\/\/manantialdelasflores.com\/es\/wp-json\/wp\/v2\/types\/product"}],"replies":[{"embeddable":true,"href":"https:\/\/manantialdelasflores.com\/es\/wp-json\/wp\/v2\/comments?post=405"}],"wp:featuredmedia":[{"embeddable":true,"href":"https:\/\/manantialdelasflores.com\/es\/wp-json\/wp\/v2\/media\/407"}],"wp:attachment":[{"href":"https:\/\/manantialdelasflores.com\/es\/wp-json\/wp\/v2\/media?parent=405"}],"wp:term":[{"taxonomy":"product_brand","embeddable":true,"href":"https:\/\/manantialdelasflores.com\/es\/wp-json\/wp\/v2\/product_brand?post=405"},{"taxonomy":"product_cat","embeddable":true,"href":"https:\/\/manantialdelasflores.com\/es\/wp-json\/wp\/v2\/product_cat?post=405"},{"taxonomy":"product_tag","embeddable":true,"href":"https:\/\/manantialdelasflores.com\/es\/wp-json\/wp\/v2\/product_tag?post=405"}],"curies":[{"name":"wp","href":"https:\/\/api.w.org\/{rel}","templated":true}]}}