{"id":422,"date":"2023-04-18T23:48:00","date_gmt":"2023-04-18T23:48:00","guid":{"rendered":"https:\/\/manantialdelasflores.com\/?post_type=product&#038;p=422"},"modified":"2025-03-19T21:34:44","modified_gmt":"2025-03-19T21:34:44","slug":"almidon-de-tapioca","status":"publish","type":"product","link":"https:\/\/manantialdelasflores.com\/es\/shop\/almidon-de-tapioca\/","title":{"rendered":"Almid\u00f3n de tapioca"},"content":{"rendered":"<p>La tapioca es una planta tropical cuyo almid\u00f3n se obtiene de su ra\u00edz, que requiere un tratamiento especial para ser apto su consumo. Se utiliza normalmente como una harina suave y sedosa que se usa en panader\u00eda sin gluten y como espesante.<\/p>\n<p><strong>Ingredientes:<\/strong> Manihot esculenta (yuca) cultivada y procesada en el Rancho Agroecol\u00f3gico Agua Escondida<\/p>\n<p><strong>Presentacion:<\/strong> Bolsa de 500g<\/p>","protected":false},"excerpt":{"rendered":"<p>Para espesar sopas, salsas y remplazar junto con otras harinas, la harina de trigo para hacer panes y reposter\u00eda<\/p>","protected":false},"featured_media":423,"comment_status":"open","ping_status":"closed","template":"","meta":[],"product_brand":[],"product_cat":[72,128],"product_tag":[130,129],"class_list":{"0":"post-422","1":"product","2":"type-product","3":"status-publish","4":"has-post-thumbnail","6":"product_cat-alimentacion","7":"product_cat-harinas-y-cereales","8":"product_tag-almidon-de-tapioca","9":"product_tag-harina","11":"first","12":"instock","13":"shipping-taxable","14":"purchasable","15":"product-type-simple"},"_links":{"self":[{"href":"https:\/\/manantialdelasflores.com\/es\/wp-json\/wp\/v2\/product\/422","targetHints":{"allow":["GET"]}}],"collection":[{"href":"https:\/\/manantialdelasflores.com\/es\/wp-json\/wp\/v2\/product"}],"about":[{"href":"https:\/\/manantialdelasflores.com\/es\/wp-json\/wp\/v2\/types\/product"}],"replies":[{"embeddable":true,"href":"https:\/\/manantialdelasflores.com\/es\/wp-json\/wp\/v2\/comments?post=422"}],"wp:featuredmedia":[{"embeddable":true,"href":"https:\/\/manantialdelasflores.com\/es\/wp-json\/wp\/v2\/media\/423"}],"wp:attachment":[{"href":"https:\/\/manantialdelasflores.com\/es\/wp-json\/wp\/v2\/media?parent=422"}],"wp:term":[{"taxonomy":"product_brand","embeddable":true,"href":"https:\/\/manantialdelasflores.com\/es\/wp-json\/wp\/v2\/product_brand?post=422"},{"taxonomy":"product_cat","embeddable":true,"href":"https:\/\/manantialdelasflores.com\/es\/wp-json\/wp\/v2\/product_cat?post=422"},{"taxonomy":"product_tag","embeddable":true,"href":"https:\/\/manantialdelasflores.com\/es\/wp-json\/wp\/v2\/product_tag?post=422"}],"curies":[{"name":"wp","href":"https:\/\/api.w.org\/{rel}","templated":true}]}}