{"id":431,"date":"2023-04-19T00:12:40","date_gmt":"2023-04-19T00:12:40","guid":{"rendered":"https:\/\/manantialdelasflores.com\/?post_type=product&#038;p=431"},"modified":"2025-09-12T19:35:05","modified_gmt":"2025-09-12T19:35:05","slug":"__trashed-4","status":"publish","type":"product","link":"https:\/\/manantialdelasflores.com\/es\/shop\/__trashed-4\/","title":{"rendered":"Harina de pl\u00e1tano"},"content":{"rendered":"<p>Con el pl\u00e1tano verde, elaboramos la vers\u00e1til harina de pl\u00e1tano, totalmente libre de gluten, con la que se pueden preparar productos de panader\u00eda y reposter\u00eda. Es una magn\u00edfica fuente de prebi\u00f3ticos y tiene una alta calidad nutritiva.<\/p>\n<p><strong>Ingredientes:<\/strong> Musa paradisiaca (pl\u00e1tano) cultivados y procesados en el Rancho Agroecol\u00f3gico Agua Escondida.<\/p>\n<p><strong>Presentaci\u00f3n:<\/strong> Bolsa de 500g<\/p>","protected":false},"excerpt":{"rendered":"<p>Combinada con harina de arroz o harina de avena sin gluten, reemplaza exitosamente la harina de trigo.<\/p>","protected":false},"featured_media":432,"comment_status":"open","ping_status":"closed","template":"","meta":[],"product_brand":[],"product_cat":[72,128],"product_tag":[129,137],"class_list":{"0":"post-431","1":"product","2":"type-product","3":"status-publish","4":"has-post-thumbnail","6":"product_cat-alimentacion","7":"product_cat-harinas-y-cereales","8":"product_tag-harina","9":"product_tag-platano","11":"first","12":"outofstock","13":"shipping-taxable","14":"purchasable","15":"product-type-simple"},"_links":{"self":[{"href":"https:\/\/manantialdelasflores.com\/es\/wp-json\/wp\/v2\/product\/431","targetHints":{"allow":["GET"]}}],"collection":[{"href":"https:\/\/manantialdelasflores.com\/es\/wp-json\/wp\/v2\/product"}],"about":[{"href":"https:\/\/manantialdelasflores.com\/es\/wp-json\/wp\/v2\/types\/product"}],"replies":[{"embeddable":true,"href":"https:\/\/manantialdelasflores.com\/es\/wp-json\/wp\/v2\/comments?post=431"}],"wp:featuredmedia":[{"embeddable":true,"href":"https:\/\/manantialdelasflores.com\/es\/wp-json\/wp\/v2\/media\/432"}],"wp:attachment":[{"href":"https:\/\/manantialdelasflores.com\/es\/wp-json\/wp\/v2\/media?parent=431"}],"wp:term":[{"taxonomy":"product_brand","embeddable":true,"href":"https:\/\/manantialdelasflores.com\/es\/wp-json\/wp\/v2\/product_brand?post=431"},{"taxonomy":"product_cat","embeddable":true,"href":"https:\/\/manantialdelasflores.com\/es\/wp-json\/wp\/v2\/product_cat?post=431"},{"taxonomy":"product_tag","embeddable":true,"href":"https:\/\/manantialdelasflores.com\/es\/wp-json\/wp\/v2\/product_tag?post=431"}],"curies":[{"name":"wp","href":"https:\/\/api.w.org\/{rel}","templated":true}]}}