{"id":448,"date":"2023-04-24T22:03:49","date_gmt":"2023-04-24T22:03:49","guid":{"rendered":"https:\/\/manantialdelasflores.com\/?post_type=product&#038;p=448"},"modified":"2025-03-19T21:34:41","modified_gmt":"2025-03-19T21:34:41","slug":"desodorante-liquido","status":"publish","type":"product","link":"https:\/\/manantialdelasflores.com\/es\/shop\/desodorante-liquido\/","title":{"rendered":"Desodorante liquido"},"content":{"rendered":"<p class=\"p1\"><span class=\"s1\">Nuestro desodorante es suave y efectivo, las personas con mucha actividad hormonal y\/o carn\u00edvoros que tienen un sudor persistente, pueden usarlos las veces que sea necesario secando previamente el exceso de sudor.<\/span><\/p>\n<p><strong>Modo de uso:<\/strong> Agitar suavemente, asperjar en las axilas y extender con las manos, esperar a que seque antes de vestirse. Puedes usarlo cuantas veces sean necesarias.<\/p>\n<p><strong>Ingredientes:<\/strong> Jugo de s\u00e1bila, aguas destiladas de lim\u00f3n, \u00e1rbol del t\u00e9 y geranio, vitamina E natural, extracto de s\u00e1bila, consuelda y \u00e1rbol del t\u00e9, aceites esenciales de lim\u00f3n, alhucema, \u00e1rbol del t\u00e9 y tomillo y aceite de semilla de toronja.<\/p>\n<p class=\"p1\"><span class=\"s1\"><strong>Presentaci\u00f3n: <\/strong>Botella PET reciclable de 60ml. con <\/span><span class=\"s1\">aspersor\u00a0<\/span><\/p>","protected":false},"excerpt":{"rendered":"<p>El desodorante Manantial de las Flores es suave pero efectivo, est\u00e1 dise\u00f1ado con extractos, aguas destiladas y aceites esenciales para no da\u00f1ar esa parte tan delicada del cuerpo.<\/p>","protected":false},"featured_media":454,"comment_status":"open","ping_status":"closed","template":"","meta":[],"product_brand":[],"product_cat":[18,111],"product_tag":[57,142,143],"class_list":{"0":"post-448","1":"product","2":"type-product","3":"status-publish","4":"has-post-thumbnail","6":"product_cat-cuidado-corporal","7":"product_cat-limpieza-corporal","8":"product_tag-desodorante","9":"product_tag-liquido","10":"product_tag-sabilla","12":"first","13":"instock","14":"shipping-taxable","15":"purchasable","16":"product-type-simple"},"_links":{"self":[{"href":"https:\/\/manantialdelasflores.com\/es\/wp-json\/wp\/v2\/product\/448","targetHints":{"allow":["GET"]}}],"collection":[{"href":"https:\/\/manantialdelasflores.com\/es\/wp-json\/wp\/v2\/product"}],"about":[{"href":"https:\/\/manantialdelasflores.com\/es\/wp-json\/wp\/v2\/types\/product"}],"replies":[{"embeddable":true,"href":"https:\/\/manantialdelasflores.com\/es\/wp-json\/wp\/v2\/comments?post=448"}],"wp:featuredmedia":[{"embeddable":true,"href":"https:\/\/manantialdelasflores.com\/es\/wp-json\/wp\/v2\/media\/454"}],"wp:attachment":[{"href":"https:\/\/manantialdelasflores.com\/es\/wp-json\/wp\/v2\/media?parent=448"}],"wp:term":[{"taxonomy":"product_brand","embeddable":true,"href":"https:\/\/manantialdelasflores.com\/es\/wp-json\/wp\/v2\/product_brand?post=448"},{"taxonomy":"product_cat","embeddable":true,"href":"https:\/\/manantialdelasflores.com\/es\/wp-json\/wp\/v2\/product_cat?post=448"},{"taxonomy":"product_tag","embeddable":true,"href":"https:\/\/manantialdelasflores.com\/es\/wp-json\/wp\/v2\/product_tag?post=448"}],"curies":[{"name":"wp","href":"https:\/\/api.w.org\/{rel}","templated":true}]}}