{"id":455,"date":"2023-04-24T22:07:39","date_gmt":"2023-04-24T22:07:39","guid":{"rendered":"https:\/\/manantialdelasflores.com\/?post_type=product&#038;p=455"},"modified":"2025-03-19T21:34:41","modified_gmt":"2025-03-19T21:34:41","slug":"desodorante-en-crema-2","status":"publish","type":"product","link":"https:\/\/manantialdelasflores.com\/es\/shop\/desodorante-en-crema-2\/","title":{"rendered":"Desodorante en crema"},"content":{"rendered":"<p>Adem\u00e1s de contener ingredientes naturales y efectivos para permitir una saludable transpiraci\u00f3n, contiene Tierra diatomea que es una roca sedimentaria formada por algas acu\u00e1ticas unicelulares de calidad alimentaria que tiene grandes cualidades antibacterianas que minimizan el olor del sudor. Adem\u00e1s la Tierra diatomea potencia la creaci\u00f3n de col\u00e1geno por lo que ayuda a mantener la piel de las axilas sana y tersa.<\/p>\n<p><strong>Modo de usar:<\/strong> Aplicar con los dedos limpios en las axilas limpias y secas.<\/p>\n<p><strong>Ingredientes:<\/strong> Aceite de coco, manteca de karit\u00e9, aceite de almendras dulces, Maranta arundinacea (arrurruz ) cultivado con m\u00e9todos amorosos que conservan la fertilidad de la tierra y la biodiversidad en el Rancho Agroecol\u00f3gico Agua Escondida, tierra diatomea, cera de candelilla, Vitamina E, aceites esenciales de \u00e1rbol del t\u00e9, lim\u00f3n y lavanda.<br \/>\n<strong><br \/>\nPresentaci\u00f3n: <\/strong>Tarro biodegradable de cristal con 60g.<\/p>","protected":false},"excerpt":{"rendered":"<p>El desodorante en crema Manantial de las Flores es de acci\u00f3n prolongada, est\u00e1 dise\u00f1ado bajo las mismas normas que el l\u00edquido, es decir buscando ingredientes efectivos para su prop\u00f3sito que sean inocuos y amigables con el medio ambiente.<\/p>\n<p class=\"p1\">","protected":false},"featured_media":450,"comment_status":"open","ping_status":"closed","template":"","meta":[],"product_brand":[],"product_cat":[50,18,111],"product_tag":[59,58,57],"class_list":{"0":"post-455","1":"product","2":"type-product","3":"status-publish","4":"has-post-thumbnail","6":"product_cat-cremas","7":"product_cat-cuidado-corporal","8":"product_cat-limpieza-corporal","9":"product_tag-aceite-de-coco","10":"product_tag-crema","11":"product_tag-desodorante","13":"first","14":"instock","15":"shipping-taxable","16":"purchasable","17":"product-type-simple"},"_links":{"self":[{"href":"https:\/\/manantialdelasflores.com\/es\/wp-json\/wp\/v2\/product\/455","targetHints":{"allow":["GET"]}}],"collection":[{"href":"https:\/\/manantialdelasflores.com\/es\/wp-json\/wp\/v2\/product"}],"about":[{"href":"https:\/\/manantialdelasflores.com\/es\/wp-json\/wp\/v2\/types\/product"}],"replies":[{"embeddable":true,"href":"https:\/\/manantialdelasflores.com\/es\/wp-json\/wp\/v2\/comments?post=455"}],"wp:featuredmedia":[{"embeddable":true,"href":"https:\/\/manantialdelasflores.com\/es\/wp-json\/wp\/v2\/media\/450"}],"wp:attachment":[{"href":"https:\/\/manantialdelasflores.com\/es\/wp-json\/wp\/v2\/media?parent=455"}],"wp:term":[{"taxonomy":"product_brand","embeddable":true,"href":"https:\/\/manantialdelasflores.com\/es\/wp-json\/wp\/v2\/product_brand?post=455"},{"taxonomy":"product_cat","embeddable":true,"href":"https:\/\/manantialdelasflores.com\/es\/wp-json\/wp\/v2\/product_cat?post=455"},{"taxonomy":"product_tag","embeddable":true,"href":"https:\/\/manantialdelasflores.com\/es\/wp-json\/wp\/v2\/product_tag?post=455"}],"curies":[{"name":"wp","href":"https:\/\/api.w.org\/{rel}","templated":true}]}}