{"id":461,"date":"2023-04-25T00:25:57","date_gmt":"2023-04-25T00:25:57","guid":{"rendered":"https:\/\/manantialdelasflores.com\/?post_type=product&#038;p=461"},"modified":"2025-03-19T21:34:40","modified_gmt":"2025-03-19T21:34:40","slug":"agua-destilada-arbol-del-te","status":"publish","type":"product","link":"https:\/\/manantialdelasflores.com\/es\/shop\/agua-destilada-arbol-del-te\/","title":{"rendered":"Agua destilada \u00e1rbol del t\u00e9"},"content":{"rendered":"<div class=\"short-description\">\n<div>\n<p>Excelente como desodorante suave. Como ducha vaginal en casos de hongos. \u00datil para el cuidado de la piel de los perros, mordidas de perros y piquetes de insectos. T\u00f3nico facial para piel con acn\u00e9. Esta agua destilada o hidrolato se obtiene a partir de la destilaci\u00f3n por vapor de las hojas del \u00e1rbol del t\u00e9 (Melaleuca alternifolia), es antibacteriana, antif\u00fangica y antis\u00e9ptica.<\/p>\n<p><strong>Uso:<\/strong> Uso externo. Se asperja directamente en heridas y garganta irritada. Asperjada en los pies despu\u00e9s del ba\u00f1o para pie de atleta (aplicar despu\u00e9s el talco Manantial de las Flores).<\/p>\n<\/div>\n<div><strong><br \/>\nIngredientes:<\/strong> Melaleuca alternifolia (\u00c1rbol del t\u00e9), aceite de\u00a0 semilla de toronja.<\/div>\n<\/div>\n<div class=\"sku\"><strong>Presentaci\u00f3n:<\/strong> frasco de cristal de 100 ml con aspersor.<\/div>","protected":false},"excerpt":{"rendered":"<p>Para heridas, garganta irritada, pie de atleta y piquetes. Enjuague para boca en caso de infecciones, enc\u00edas inflamadas \u00f3 candida.<\/p>","protected":false},"featured_media":457,"comment_status":"open","ping_status":"closed","template":"","meta":[],"product_brand":[],"product_cat":[18,217,111],"product_tag":[144,38,386,384,312,196,385,292],"class_list":{"0":"post-461","1":"product","2":"type-product","3":"status-publish","4":"has-post-thumbnail","6":"product_cat-cuidado-corporal","7":"product_cat-cuidado-de-la-piel","8":"product_cat-limpieza-corporal","9":"product_tag-agua-destilada","10":"product_tag-arbol-del-te","11":"product_tag-candida","12":"product_tag-garganta-irritada","13":"product_tag-heridas","14":"product_tag-hongos","15":"product_tag-infecciones","16":"product_tag-pie-de-atleta","18":"first","19":"instock","20":"shipping-taxable","21":"purchasable","22":"product-type-simple"},"_links":{"self":[{"href":"https:\/\/manantialdelasflores.com\/es\/wp-json\/wp\/v2\/product\/461","targetHints":{"allow":["GET"]}}],"collection":[{"href":"https:\/\/manantialdelasflores.com\/es\/wp-json\/wp\/v2\/product"}],"about":[{"href":"https:\/\/manantialdelasflores.com\/es\/wp-json\/wp\/v2\/types\/product"}],"replies":[{"embeddable":true,"href":"https:\/\/manantialdelasflores.com\/es\/wp-json\/wp\/v2\/comments?post=461"}],"wp:featuredmedia":[{"embeddable":true,"href":"https:\/\/manantialdelasflores.com\/es\/wp-json\/wp\/v2\/media\/457"}],"wp:attachment":[{"href":"https:\/\/manantialdelasflores.com\/es\/wp-json\/wp\/v2\/media?parent=461"}],"wp:term":[{"taxonomy":"product_brand","embeddable":true,"href":"https:\/\/manantialdelasflores.com\/es\/wp-json\/wp\/v2\/product_brand?post=461"},{"taxonomy":"product_cat","embeddable":true,"href":"https:\/\/manantialdelasflores.com\/es\/wp-json\/wp\/v2\/product_cat?post=461"},{"taxonomy":"product_tag","embeddable":true,"href":"https:\/\/manantialdelasflores.com\/es\/wp-json\/wp\/v2\/product_tag?post=461"}],"curies":[{"name":"wp","href":"https:\/\/api.w.org\/{rel}","templated":true}]}}