{"id":526,"date":"2023-12-28T14:04:04","date_gmt":"2023-12-28T14:04:04","guid":{"rendered":"https:\/\/manantialdelasflores.com\/?post_type=product&#038;p=526"},"modified":"2025-03-19T21:34:26","modified_gmt":"2025-03-19T21:34:26","slug":"locion-tonica-cutis-graso","status":"publish","type":"product","link":"https:\/\/manantialdelasflores.com\/es\/shop\/locion-tonica-cutis-graso\/","title":{"rendered":"Locion tonica cutis graso"},"content":{"rendered":"<div dir=\"auto\">Para utilizarla despu\u00e9s de la limpieza diaria de la cara. Favorece la eliminaci\u00f3n de los restos de grasa y apoya la tonificaci\u00f3n muscular. Nutre y protege contra el aire, temperaturas extremas y contaminaci\u00f3n. Asperjar sobre el cutis limpio antes de aplicar cualquier crema. \u00dasala por la ma\u00f1ana y por la noche.<\/div>\n<p><strong>Ingredientes:<\/strong> Agua destilada de geranio, agua de hamamelis, gel de s\u00e1bila, aceite de semilla de toronja y aceites esenciales de lim\u00f3n, \u00e1rbol del t\u00e9, cipr\u00e9s, geranio y lavanda.<\/p>\n<p><strong>Presentaci\u00f3n: <\/strong><span class=\"s1\">Botella de cristal de 100ml <\/span><span class=\"s1\">con aspersor<\/span><\/p>","protected":false},"excerpt":{"rendered":"<p class=\"p1\">Para cutis graso o mixto. Equilibra el PH, refresca y ayuda a mantener firme los m\u00fasculos de la cara.<\/p>","protected":false},"featured_media":527,"comment_status":"open","ping_status":"closed","template":"","meta":[],"product_brand":[],"product_cat":[18,217,111],"product_tag":[48,155,24,303,210,161],"class_list":{"0":"post-526","1":"product","2":"type-product","3":"status-publish","4":"has-post-thumbnail","6":"product_cat-cuidado-corporal","7":"product_cat-cuidado-de-la-piel","8":"product_cat-limpieza-corporal","9":"product_tag-calendula","10":"product_tag-cutis-graso","11":"product_tag-cutis-mixto","12":"product_tag-equilibra-ph","13":"product_tag-locion","14":"product_tag-refrescante","16":"first","17":"instock","18":"shipping-taxable","19":"purchasable","20":"product-type-simple"},"_links":{"self":[{"href":"https:\/\/manantialdelasflores.com\/es\/wp-json\/wp\/v2\/product\/526","targetHints":{"allow":["GET"]}}],"collection":[{"href":"https:\/\/manantialdelasflores.com\/es\/wp-json\/wp\/v2\/product"}],"about":[{"href":"https:\/\/manantialdelasflores.com\/es\/wp-json\/wp\/v2\/types\/product"}],"replies":[{"embeddable":true,"href":"https:\/\/manantialdelasflores.com\/es\/wp-json\/wp\/v2\/comments?post=526"}],"wp:featuredmedia":[{"embeddable":true,"href":"https:\/\/manantialdelasflores.com\/es\/wp-json\/wp\/v2\/media\/527"}],"wp:attachment":[{"href":"https:\/\/manantialdelasflores.com\/es\/wp-json\/wp\/v2\/media?parent=526"}],"wp:term":[{"taxonomy":"product_brand","embeddable":true,"href":"https:\/\/manantialdelasflores.com\/es\/wp-json\/wp\/v2\/product_brand?post=526"},{"taxonomy":"product_cat","embeddable":true,"href":"https:\/\/manantialdelasflores.com\/es\/wp-json\/wp\/v2\/product_cat?post=526"},{"taxonomy":"product_tag","embeddable":true,"href":"https:\/\/manantialdelasflores.com\/es\/wp-json\/wp\/v2\/product_tag?post=526"}],"curies":[{"name":"wp","href":"https:\/\/api.w.org\/{rel}","templated":true}]}}