{"id":564,"date":"2023-05-21T20:34:54","date_gmt":"2023-05-21T20:34:54","guid":{"rendered":"https:\/\/manantialdelasflores.com\/?post_type=product&#038;p=564"},"modified":"2025-03-19T21:34:37","modified_gmt":"2025-03-19T21:34:37","slug":"aceite-corporal-con-geranio","status":"publish","type":"product","link":"https:\/\/manantialdelasflores.com\/es\/shop\/aceite-corporal-con-geranio\/","title":{"rendered":"Aceite corporal con geranio"},"content":{"rendered":"<p>Protege y lubrica la delicada piel del \u00e1rea del busto. Los p\u00e9talos de rosa y hojas de geranio ricos en fitoestr\u00f3genos, indicados para el desarrollo y firmeza de los bustos j\u00f3venes. Los maduros tendr\u00e1n mejores resultados si siguen h\u00e1bitos saludables de ejercicio y dieta sana. Sus efectos arom\u00e1ticos con los aceites esenciales de ylang ylang y geranio, ayudan a la recuperaci\u00f3n o fortalecimiento de la autoestima.<\/p>\n<p><strong>Uso:<\/strong> Se aplica con movimientos suaves y circulares sobre la piel del busto ligeramente h\u00fameda, hasta que se absorba. No debe usarse durante el embarazo, ni la lactancia.<\/p>\n<p><strong>Ingredientes:<\/strong> Aceite de macadamia org\u00e1nico, aceite de ajonjol\u00ed, geranio org\u00e1nico, p\u00e9talos de rosas org\u00e1nicas y aceites esenciales de geranio e ilang-ilang.<\/p>\n<p><strong>Presentaci\u00f3n:<\/strong>\u00a0Frasco de cristal de 100ml con aspersor.<\/p>","protected":false},"excerpt":{"rendered":"<p>Para el cuidado del busto. Su acci\u00f3n es astringente, tonificante y reafirmante. 100% vegano y natural.<\/p>","protected":false},"featured_media":565,"comment_status":"open","ping_status":"closed","template":"","meta":[],"product_brand":[],"product_cat":[218,18,217],"product_tag":[219,379,20,380,381],"class_list":{"0":"post-564","1":"product","2":"type-product","3":"status-publish","4":"has-post-thumbnail","6":"product_cat-aceites-corporales","7":"product_cat-cuidado-corporal","8":"product_cat-cuidado-de-la-piel","9":"product_tag-aceite-corporal","10":"product_tag-cuidado-del-busto","11":"product_tag-geranio","12":"product_tag-reafirma","13":"product_tag-tonifica","15":"first","16":"instock","17":"shipping-taxable","18":"purchasable","19":"product-type-simple"},"_links":{"self":[{"href":"https:\/\/manantialdelasflores.com\/es\/wp-json\/wp\/v2\/product\/564","targetHints":{"allow":["GET"]}}],"collection":[{"href":"https:\/\/manantialdelasflores.com\/es\/wp-json\/wp\/v2\/product"}],"about":[{"href":"https:\/\/manantialdelasflores.com\/es\/wp-json\/wp\/v2\/types\/product"}],"replies":[{"embeddable":true,"href":"https:\/\/manantialdelasflores.com\/es\/wp-json\/wp\/v2\/comments?post=564"}],"wp:featuredmedia":[{"embeddable":true,"href":"https:\/\/manantialdelasflores.com\/es\/wp-json\/wp\/v2\/media\/565"}],"wp:attachment":[{"href":"https:\/\/manantialdelasflores.com\/es\/wp-json\/wp\/v2\/media?parent=564"}],"wp:term":[{"taxonomy":"product_brand","embeddable":true,"href":"https:\/\/manantialdelasflores.com\/es\/wp-json\/wp\/v2\/product_brand?post=564"},{"taxonomy":"product_cat","embeddable":true,"href":"https:\/\/manantialdelasflores.com\/es\/wp-json\/wp\/v2\/product_cat?post=564"},{"taxonomy":"product_tag","embeddable":true,"href":"https:\/\/manantialdelasflores.com\/es\/wp-json\/wp\/v2\/product_tag?post=564"}],"curies":[{"name":"wp","href":"https:\/\/api.w.org\/{rel}","templated":true}]}}