{"id":587,"date":"2023-05-22T03:52:41","date_gmt":"2023-05-22T03:52:41","guid":{"rendered":"https:\/\/manantialdelasflores.com\/?post_type=product&#038;p=587"},"modified":"2025-05-09T20:38:44","modified_gmt":"2025-05-09T20:38:44","slug":"mermelada-de-pera","status":"publish","type":"product","link":"https:\/\/manantialdelasflores.com\/es\/shop\/mermelada-de-pera\/","title":{"rendered":"Mermelada de pera"},"content":{"rendered":"<p>El jarabe de agave es vigorizante de alta calidad nutricional y no cambia el sabor original de la fruta. \u00datil para deportistas, beb\u00e9s, ancianos, personas convalecientes, d\u00e9biles y an\u00e9micas.<\/p>\n<p><strong>Ingredientes:<\/strong> Pera y lim\u00f3n cultivados en el Rancho Agroecol\u00f3gico Agua Escondida y jarabe de agave.<\/p>\n<p><strong>Presentaci\u00f3n:\u00a0<\/strong>Frasco de cristal con 275 g.<\/p>","protected":false},"excerpt":{"rendered":"<p>Nuestras mermeladas caseras representan una propuesta sana de comer fruta, pues est\u00e1n elaboradas con un 70% de fruta cultivada por nosotros mismos y 30% de jarabe de agave.<\/p>\n<p><strong>Ingredientes:<\/strong> Pera y limones cultivados en el Rancho Agroecologico Agua Escondida y jarabe de agave.<\/p>\n<p><strong>Presentaci\u00f3n:<\/strong> Frasco de vidrio de 280g<\/p>","protected":false},"featured_media":585,"comment_status":"open","ping_status":"closed","template":"","meta":[],"product_brand":[],"product_cat":[72,223],"product_tag":[224,226],"class_list":{"0":"post-587","1":"product","2":"type-product","3":"status-publish","4":"has-post-thumbnail","6":"product_cat-alimentacion","7":"product_cat-mermeladas-y-jaleas","8":"product_tag-mermelada","9":"product_tag-pera","11":"first","12":"outofstock","13":"shipping-taxable","14":"purchasable","15":"product-type-simple"},"_links":{"self":[{"href":"https:\/\/manantialdelasflores.com\/es\/wp-json\/wp\/v2\/product\/587","targetHints":{"allow":["GET"]}}],"collection":[{"href":"https:\/\/manantialdelasflores.com\/es\/wp-json\/wp\/v2\/product"}],"about":[{"href":"https:\/\/manantialdelasflores.com\/es\/wp-json\/wp\/v2\/types\/product"}],"replies":[{"embeddable":true,"href":"https:\/\/manantialdelasflores.com\/es\/wp-json\/wp\/v2\/comments?post=587"}],"wp:featuredmedia":[{"embeddable":true,"href":"https:\/\/manantialdelasflores.com\/es\/wp-json\/wp\/v2\/media\/585"}],"wp:attachment":[{"href":"https:\/\/manantialdelasflores.com\/es\/wp-json\/wp\/v2\/media?parent=587"}],"wp:term":[{"taxonomy":"product_brand","embeddable":true,"href":"https:\/\/manantialdelasflores.com\/es\/wp-json\/wp\/v2\/product_brand?post=587"},{"taxonomy":"product_cat","embeddable":true,"href":"https:\/\/manantialdelasflores.com\/es\/wp-json\/wp\/v2\/product_cat?post=587"},{"taxonomy":"product_tag","embeddable":true,"href":"https:\/\/manantialdelasflores.com\/es\/wp-json\/wp\/v2\/product_tag?post=587"}],"curies":[{"name":"wp","href":"https:\/\/api.w.org\/{rel}","templated":true}]}}