{"id":604,"date":"2023-05-22T04:10:13","date_gmt":"2023-05-22T04:10:13","guid":{"rendered":"https:\/\/manantialdelasflores.com\/?post_type=product&#038;p=604"},"modified":"2026-03-18T17:33:18","modified_gmt":"2026-03-18T17:33:18","slug":"cascara-de-limon","status":"publish","type":"product","link":"https:\/\/manantialdelasflores.com\/es\/shop\/cascara-de-limon\/","title":{"rendered":"C\u00e1scara de lim\u00f3n"},"content":{"rendered":"<p>Cultivamos los limones con m\u00e9todos amigables con el medio ambiente y respetando la biodiversidad de nuestro espacio. Los pelamos, deshidratamos la c\u00e1scara y la molemos.<\/p>\n<p><strong>Ingredientes:<\/strong> C\u00e1scara de lim\u00f3n (Citrus limon).<\/p>\n<p><strong>Presentaci\u00f3n:\u00a0<\/strong>Frasco de cristal con 55 g.<\/p>","protected":false},"excerpt":{"rendered":"<p>Para cualquier receta que pida ralladura de lim\u00f3n (postres, bebidas, etc.)<\/p>","protected":false},"featured_media":591,"comment_status":"open","ping_status":"closed","template":"","meta":[],"product_brand":[],"product_cat":[72,136,227],"product_tag":[232,228],"class_list":{"0":"post-604","1":"product","2":"type-product","3":"status-publish","4":"has-post-thumbnail","6":"product_cat-alimentacion","7":"product_cat-condimentos","8":"product_cat-hierbas-y-especias","9":"product_tag-cascara-de-limon","10":"product_tag-hierbas-y-especias","12":"first","13":"outofstock","14":"shipping-taxable","15":"purchasable","16":"product-type-simple"},"_links":{"self":[{"href":"https:\/\/manantialdelasflores.com\/es\/wp-json\/wp\/v2\/product\/604","targetHints":{"allow":["GET"]}}],"collection":[{"href":"https:\/\/manantialdelasflores.com\/es\/wp-json\/wp\/v2\/product"}],"about":[{"href":"https:\/\/manantialdelasflores.com\/es\/wp-json\/wp\/v2\/types\/product"}],"replies":[{"embeddable":true,"href":"https:\/\/manantialdelasflores.com\/es\/wp-json\/wp\/v2\/comments?post=604"}],"wp:featuredmedia":[{"embeddable":true,"href":"https:\/\/manantialdelasflores.com\/es\/wp-json\/wp\/v2\/media\/591"}],"wp:attachment":[{"href":"https:\/\/manantialdelasflores.com\/es\/wp-json\/wp\/v2\/media?parent=604"}],"wp:term":[{"taxonomy":"product_brand","embeddable":true,"href":"https:\/\/manantialdelasflores.com\/es\/wp-json\/wp\/v2\/product_brand?post=604"},{"taxonomy":"product_cat","embeddable":true,"href":"https:\/\/manantialdelasflores.com\/es\/wp-json\/wp\/v2\/product_cat?post=604"},{"taxonomy":"product_tag","embeddable":true,"href":"https:\/\/manantialdelasflores.com\/es\/wp-json\/wp\/v2\/product_tag?post=604"}],"curies":[{"name":"wp","href":"https:\/\/api.w.org\/{rel}","templated":true}]}}