{"id":610,"date":"2023-05-22T04:24:19","date_gmt":"2023-05-22T04:24:19","guid":{"rendered":"https:\/\/manantialdelasflores.com\/?post_type=product&#038;p=610"},"modified":"2025-03-19T21:34:34","modified_gmt":"2025-03-19T21:34:34","slug":"hojas-de-romero","status":"publish","type":"product","link":"https:\/\/manantialdelasflores.com\/es\/shop\/hojas-de-romero\/","title":{"rendered":"Hojas de romero"},"content":{"rendered":"<p>Cultivamos esta hierbas con m\u00e9todos amigables con el medio ambiente y respetando la biodiversidad de nuestro espacio. Las deshidratamos. Se necesita conservar el frasco bien tapado y lejos de fuentes de calor y luz directa.<\/p>\n<p><strong>Ingredientes:<\/strong> Rosmarinus officinalis (Romero).<\/p>\n<p><strong>Presentaci\u00f3n:\u00a0<\/strong>Frasco de cristal con 20 g.<\/p>","protected":false},"excerpt":{"rendered":"<p>Conocida hierba de la cocina mediterr\u00e1nea con caracter\u00edsticas terap\u00e9uticas.<\/p>","protected":false},"featured_media":597,"comment_status":"open","ping_status":"closed","template":"","meta":[],"product_brand":[],"product_cat":[72,136,227],"product_tag":[228,237,32],"class_list":{"0":"post-610","1":"product","2":"type-product","3":"status-publish","4":"has-post-thumbnail","6":"product_cat-alimentacion","7":"product_cat-condimentos","8":"product_cat-hierbas-y-especias","9":"product_tag-hierbas-y-especias","10":"product_tag-hojas","11":"product_tag-romero","13":"first","14":"instock","15":"shipping-taxable","16":"purchasable","17":"product-type-simple"},"_links":{"self":[{"href":"https:\/\/manantialdelasflores.com\/es\/wp-json\/wp\/v2\/product\/610","targetHints":{"allow":["GET"]}}],"collection":[{"href":"https:\/\/manantialdelasflores.com\/es\/wp-json\/wp\/v2\/product"}],"about":[{"href":"https:\/\/manantialdelasflores.com\/es\/wp-json\/wp\/v2\/types\/product"}],"replies":[{"embeddable":true,"href":"https:\/\/manantialdelasflores.com\/es\/wp-json\/wp\/v2\/comments?post=610"}],"wp:featuredmedia":[{"embeddable":true,"href":"https:\/\/manantialdelasflores.com\/es\/wp-json\/wp\/v2\/media\/597"}],"wp:attachment":[{"href":"https:\/\/manantialdelasflores.com\/es\/wp-json\/wp\/v2\/media?parent=610"}],"wp:term":[{"taxonomy":"product_brand","embeddable":true,"href":"https:\/\/manantialdelasflores.com\/es\/wp-json\/wp\/v2\/product_brand?post=610"},{"taxonomy":"product_cat","embeddable":true,"href":"https:\/\/manantialdelasflores.com\/es\/wp-json\/wp\/v2\/product_cat?post=610"},{"taxonomy":"product_tag","embeddable":true,"href":"https:\/\/manantialdelasflores.com\/es\/wp-json\/wp\/v2\/product_tag?post=610"}],"curies":[{"name":"wp","href":"https:\/\/api.w.org\/{rel}","templated":true}]}}