{"id":611,"date":"2023-05-22T04:25:37","date_gmt":"2023-05-22T04:25:37","guid":{"rendered":"https:\/\/manantialdelasflores.com\/?post_type=product&#038;p=611"},"modified":"2025-03-19T21:34:33","modified_gmt":"2025-03-19T21:34:33","slug":"hojuelas-de-chile","status":"publish","type":"product","link":"https:\/\/manantialdelasflores.com\/es\/shop\/hojuelas-de-chile\/","title":{"rendered":"Hojuelas de chile"},"content":{"rendered":"<p>Cultivamos los chiles manzano, comampe\u00f1o, de \u00e1rbol y chiltepin con m\u00e9todos amigables con el medio ambiente y respetando la biodiversidad de nuestro espacio. Los deshidratamos y los hacemos hojuelas.<\/p>\n<p><strong>Ingredientes: <\/strong>\u00a0Capsicum annuum, Capsicum pubescens (Chiles manzano, comampe\u00f1o, de \u00e1rbol y chiltepin).<\/p>\n<p><strong>Presentaci\u00f3n:\u00a0<\/strong>Frasco de cristal con 35 g.<\/p>","protected":false},"excerpt":{"rendered":"<p>Sazonador picoso para agregar a cualquier platillo.<\/p>","protected":false},"featured_media":598,"comment_status":"open","ping_status":"closed","template":"","meta":[],"product_brand":[],"product_cat":[72,136,227],"product_tag":[300,228,239],"class_list":{"0":"post-611","1":"product","2":"type-product","3":"status-publish","4":"has-post-thumbnail","6":"product_cat-alimentacion","7":"product_cat-condimentos","8":"product_cat-hierbas-y-especias","9":"product_tag-chile","10":"product_tag-hierbas-y-especias","11":"product_tag-hojuelas-de-chile","13":"first","14":"instock","15":"shipping-taxable","16":"purchasable","17":"product-type-simple"},"_links":{"self":[{"href":"https:\/\/manantialdelasflores.com\/es\/wp-json\/wp\/v2\/product\/611","targetHints":{"allow":["GET"]}}],"collection":[{"href":"https:\/\/manantialdelasflores.com\/es\/wp-json\/wp\/v2\/product"}],"about":[{"href":"https:\/\/manantialdelasflores.com\/es\/wp-json\/wp\/v2\/types\/product"}],"replies":[{"embeddable":true,"href":"https:\/\/manantialdelasflores.com\/es\/wp-json\/wp\/v2\/comments?post=611"}],"wp:featuredmedia":[{"embeddable":true,"href":"https:\/\/manantialdelasflores.com\/es\/wp-json\/wp\/v2\/media\/598"}],"wp:attachment":[{"href":"https:\/\/manantialdelasflores.com\/es\/wp-json\/wp\/v2\/media?parent=611"}],"wp:term":[{"taxonomy":"product_brand","embeddable":true,"href":"https:\/\/manantialdelasflores.com\/es\/wp-json\/wp\/v2\/product_brand?post=611"},{"taxonomy":"product_cat","embeddable":true,"href":"https:\/\/manantialdelasflores.com\/es\/wp-json\/wp\/v2\/product_cat?post=611"},{"taxonomy":"product_tag","embeddable":true,"href":"https:\/\/manantialdelasflores.com\/es\/wp-json\/wp\/v2\/product_tag?post=611"}],"curies":[{"name":"wp","href":"https:\/\/api.w.org\/{rel}","templated":true}]}}