{"id":625,"date":"2023-04-22T04:45:30","date_gmt":"2023-04-22T04:45:30","guid":{"rendered":"https:\/\/manantialdelasflores.com\/?post_type=product&#038;p=625"},"modified":"2025-03-19T21:34:42","modified_gmt":"2025-03-19T21:34:42","slug":"leche-de-sabila-para-el-cutis","status":"publish","type":"product","link":"https:\/\/manantialdelasflores.com\/es\/shop\/leche-de-sabila-para-el-cutis\/","title":{"rendered":"Leche de s\u00e1bila para el cutis"},"content":{"rendered":"<p class=\"p1\"><span class=\"s1\"><b>Uso: <\/b><\/span>Aplicar sobre el cutis ligeramente h\u00famedo, dejar absorber y luego enjuagar. Evitar el contacto con los ojos. Mantener en un lugar oscuro y seco.<\/p>\n<p><strong>Ingredientes:<\/strong> Aloe vera (s\u00e1bila) cultivada en el Rancho Agroecol\u00f3gico Agua Escondida, aceite de almendras dulces, Vitamina C, jab\u00f3n l\u00edquido Manantial de las Flores y aceites esenciales de: geranio, lavanda, \u00e1rbol del t\u00e9, alhucema y aceite de semilla de toronja como conservador.<\/p>\n<p><span class=\"s1\"><span class=\"Apple-converted-space\"><strong>Presentaci\u00f3n:<\/strong> <\/span>Botella PET azul cobalto reciclable de 120 ml con dispensador.<\/span><\/p>","protected":false},"excerpt":{"rendered":"<p class=\"p1\"><span class=\"s1\">Limpia, suaviza y humecta la piel. <\/span><span class=\"s1\">Una tersa y suave leche llena de fresca s\u00e1bila con propiedades humectantes y desinflamantes, nuestro jab\u00f3n artesanal de cal\u00e9ndula y c\u00farcuma Manantial de las Flores, suavizante aceite de almendras con un exquisito aroma de lavandas, geranio y \u00e1rbol del t\u00e9 que limpia tu piel por la ma\u00f1ana, cuando a\u00fan no te maquillas y lo deja limpio y sedoso. Un apapacho para empezar el d\u00eda del que no podr\u00e1s prescindir. 100% natural y vegana.<\/span><\/p>","protected":false},"featured_media":626,"comment_status":"open","ping_status":"closed","template":"","meta":[],"product_brand":[],"product_cat":[18,217],"product_tag":[248,52,274,273,62,247,275],"class_list":{"0":"post-625","1":"product","2":"type-product","3":"status-publish","4":"has-post-thumbnail","6":"product_cat-cuidado-corporal","7":"product_cat-cuidado-de-la-piel","8":"product_tag-cutis","9":"product_tag-humectante","10":"product_tag-leche-cutis","11":"product_tag-leche-sabila","12":"product_tag-limpiadora","13":"product_tag-sabila","14":"product_tag-suavizante","16":"first","17":"instock","18":"shipping-taxable","19":"purchasable","20":"product-type-simple"},"_links":{"self":[{"href":"https:\/\/manantialdelasflores.com\/es\/wp-json\/wp\/v2\/product\/625","targetHints":{"allow":["GET"]}}],"collection":[{"href":"https:\/\/manantialdelasflores.com\/es\/wp-json\/wp\/v2\/product"}],"about":[{"href":"https:\/\/manantialdelasflores.com\/es\/wp-json\/wp\/v2\/types\/product"}],"replies":[{"embeddable":true,"href":"https:\/\/manantialdelasflores.com\/es\/wp-json\/wp\/v2\/comments?post=625"}],"wp:featuredmedia":[{"embeddable":true,"href":"https:\/\/manantialdelasflores.com\/es\/wp-json\/wp\/v2\/media\/626"}],"wp:attachment":[{"href":"https:\/\/manantialdelasflores.com\/es\/wp-json\/wp\/v2\/media?parent=625"}],"wp:term":[{"taxonomy":"product_brand","embeddable":true,"href":"https:\/\/manantialdelasflores.com\/es\/wp-json\/wp\/v2\/product_brand?post=625"},{"taxonomy":"product_cat","embeddable":true,"href":"https:\/\/manantialdelasflores.com\/es\/wp-json\/wp\/v2\/product_cat?post=625"},{"taxonomy":"product_tag","embeddable":true,"href":"https:\/\/manantialdelasflores.com\/es\/wp-json\/wp\/v2\/product_tag?post=625"}],"curies":[{"name":"wp","href":"https:\/\/api.w.org\/{rel}","templated":true}]}}