{"id":674,"date":"2023-05-23T00:27:31","date_gmt":"2023-05-23T00:27:31","guid":{"rendered":"https:\/\/manantialdelasflores.com\/?post_type=product&#038;p=674"},"modified":"2025-05-25T12:53:06","modified_gmt":"2025-05-25T12:53:06","slug":"pomada-de-eucalipto-tomillo-y-arbol-del-te","status":"publish","type":"product","link":"https:\/\/manantialdelasflores.com\/es\/shop\/pomada-de-eucalipto-tomillo-y-arbol-del-te\/","title":{"rendered":"Pomada de eucalipto, tomillo y \u00e1rbol del t\u00e9 60g"},"content":{"rendered":"<p><span class=\"s1\">Esta pomada es excelente para congesti\u00f3n nasal y tambi\u00e9n es \u00fatil para tratar las \u00falceras varicosas y el pie de atleta. Es p<\/span><span class=\"s1\">arte de nuestro botiqu<\/span><span class=\"s1\">\u00ed<\/span><span class=\"s1\">n natural,<\/span><span class=\"s1\"> apoyando inocuamente la recuperaci\u00f3n de esta com\u00fan enfermedad. <\/span>Aplicar <span class=\"s1\">en pecho y fosas nasales en caso de gripe, catarro o congesti\u00f3n nasal con movimientos circulatorios sobre la piel limpia.<\/span><\/p>\n<p><strong>Ingredientes:<\/strong> <span class=\"s1\">Aceite de ajonjol\u00ed, aceite de ricino, Eucalyptus globulus (eucalipto), Thymus vulgaris (tomillo) y Melaleuca alternifolia (\u00e1rbol del t\u00e9) cultivados por nosotros mismos, cera de candelilla, aceite de semilla de toronja y aceites esenciales de eucalipto, tomillo y \u00e1rbol del t\u00e9.<\/span><\/p>\n<p><strong>Presentaci\u00f3n: <\/strong>T<span class=\"s1\">arro de cristal con 60g<\/span><\/p>","protected":false},"excerpt":{"rendered":"<p><span class=\"s1\">Para aplicar en pecho y fosas nasales en caso de gripe, catarro o congesti\u00f3n nasal. 100% vegana y natural.<\/span><\/p>","protected":false},"featured_media":668,"comment_status":"open","ping_status":"closed","template":"","meta":[],"product_brand":[],"product_cat":[259,18],"product_tag":[268,290,288,270,289,292,54,291],"class_list":{"0":"post-674","1":"product","2":"type-product","3":"status-publish","4":"has-post-thumbnail","6":"product_cat-botiquin-natural","7":"product_cat-cuidado-corporal","8":"product_tag-botiquin-natural","9":"product_tag-catarro","10":"product_tag-congestion-nasal","11":"product_tag-eucalipto","12":"product_tag-gripe","13":"product_tag-pie-de-atleta","14":"product_tag-pomada","15":"product_tag-ulceras","17":"first","18":"instock","19":"shipping-taxable","20":"purchasable","21":"product-type-simple"},"_links":{"self":[{"href":"https:\/\/manantialdelasflores.com\/es\/wp-json\/wp\/v2\/product\/674","targetHints":{"allow":["GET"]}}],"collection":[{"href":"https:\/\/manantialdelasflores.com\/es\/wp-json\/wp\/v2\/product"}],"about":[{"href":"https:\/\/manantialdelasflores.com\/es\/wp-json\/wp\/v2\/types\/product"}],"replies":[{"embeddable":true,"href":"https:\/\/manantialdelasflores.com\/es\/wp-json\/wp\/v2\/comments?post=674"}],"wp:featuredmedia":[{"embeddable":true,"href":"https:\/\/manantialdelasflores.com\/es\/wp-json\/wp\/v2\/media\/668"}],"wp:attachment":[{"href":"https:\/\/manantialdelasflores.com\/es\/wp-json\/wp\/v2\/media?parent=674"}],"wp:term":[{"taxonomy":"product_brand","embeddable":true,"href":"https:\/\/manantialdelasflores.com\/es\/wp-json\/wp\/v2\/product_brand?post=674"},{"taxonomy":"product_cat","embeddable":true,"href":"https:\/\/manantialdelasflores.com\/es\/wp-json\/wp\/v2\/product_cat?post=674"},{"taxonomy":"product_tag","embeddable":true,"href":"https:\/\/manantialdelasflores.com\/es\/wp-json\/wp\/v2\/product_tag?post=674"}],"curies":[{"name":"wp","href":"https:\/\/api.w.org\/{rel}","templated":true}]}}