{"id":69,"date":"2022-11-10T20:00:54","date_gmt":"2022-11-10T20:00:54","guid":{"rendered":"https:\/\/manantialdelasflores.com\/?post_type=product&#038;p=69"},"modified":"2025-03-19T21:35:05","modified_gmt":"2025-03-19T21:35:05","slug":"jabon-de-avena","status":"publish","type":"product","link":"https:\/\/manantialdelasflores.com\/es\/shop\/jabon-de-avena\/","title":{"rendered":"Jab\u00f3n de avena"},"content":{"rendered":"<div class=\"short-description\">\n<div class=\"std\">\n<p>Hecho con hojuelas de avena, es antis\u00e9ptico, cicatrizante, desinflamante circulatorio. Es rico, suave y envolvente, deja una espuma densa y penetrante en la piel y la limpia a profundidad. Cualidad arom\u00e1tica: tranquilizante y depurador energ\u00e9tico. Armoniza y estabiliza la energ\u00eda.<\/p>\n<p><strong>Ingredientes:<\/strong> Aceite de oliva prensado en fr\u00edo, aceite de coco, aceite de girasol, avena integral, zacate lim\u00f3n y melisa cultivados agroecol\u00f3gicamente y aceite esencial de cedro y lim\u00f3n.<\/p>\n<p><strong>Presentaci\u00f3n:<\/strong>\u00a0Barra de 90g envuelta en papel kraft reciclado y biodegradable.<\/p>\n<\/div>\n<\/div>","protected":false},"excerpt":{"rendered":"<div class=\"short-description\">\n<div>Para todo tipo de cutis. Exfolia y ayuda a restaurar las c\u00e9lulas muertas. Para salpullido y para normalizar las secreciones seb\u00e1ceas. 100% vegano y natural.<\/div>\n<\/div>","protected":false},"featured_media":61,"comment_status":"open","ping_status":"closed","template":"","meta":[],"product_brand":[],"product_cat":[18,17],"product_tag":[151,170,173,171,19,172,168],"class_list":{"0":"post-69","1":"product","2":"type-product","3":"status-publish","4":"has-post-thumbnail","6":"product_cat-cuidado-corporal","7":"product_cat-jabones-artesanales","8":"product_tag-artesanal","9":"product_tag-avena","10":"product_tag-bano","11":"product_tag-exfoliante","12":"product_tag-jabon","13":"product_tag-limpia-a-profundidad","14":"product_tag-organico","16":"first","17":"instock","18":"shipping-taxable","19":"purchasable","20":"product-type-simple"},"_links":{"self":[{"href":"https:\/\/manantialdelasflores.com\/es\/wp-json\/wp\/v2\/product\/69","targetHints":{"allow":["GET"]}}],"collection":[{"href":"https:\/\/manantialdelasflores.com\/es\/wp-json\/wp\/v2\/product"}],"about":[{"href":"https:\/\/manantialdelasflores.com\/es\/wp-json\/wp\/v2\/types\/product"}],"replies":[{"embeddable":true,"href":"https:\/\/manantialdelasflores.com\/es\/wp-json\/wp\/v2\/comments?post=69"}],"wp:featuredmedia":[{"embeddable":true,"href":"https:\/\/manantialdelasflores.com\/es\/wp-json\/wp\/v2\/media\/61"}],"wp:attachment":[{"href":"https:\/\/manantialdelasflores.com\/es\/wp-json\/wp\/v2\/media?parent=69"}],"wp:term":[{"taxonomy":"product_brand","embeddable":true,"href":"https:\/\/manantialdelasflores.com\/es\/wp-json\/wp\/v2\/product_brand?post=69"},{"taxonomy":"product_cat","embeddable":true,"href":"https:\/\/manantialdelasflores.com\/es\/wp-json\/wp\/v2\/product_cat?post=69"},{"taxonomy":"product_tag","embeddable":true,"href":"https:\/\/manantialdelasflores.com\/es\/wp-json\/wp\/v2\/product_tag?post=69"}],"curies":[{"name":"wp","href":"https:\/\/api.w.org\/{rel}","templated":true}]}}