{"id":70,"date":"2022-11-10T20:02:22","date_gmt":"2022-11-10T20:02:22","guid":{"rendered":"https:\/\/manantialdelasflores.com\/?post_type=product&#038;p=70"},"modified":"2025-03-19T21:35:05","modified_gmt":"2025-03-19T21:35:05","slug":"jabon-de-toronja-y-jengibre","status":"publish","type":"product","link":"https:\/\/manantialdelasflores.com\/es\/shop\/jabon-de-toronja-y-jengibre\/","title":{"rendered":"Jab\u00f3n de toronja y jengibre"},"content":{"rendered":"<div class=\"short-description\">\n<div class=\"std\">\n<p>Hecho con c\u00e1scara de toronja, jengibre y zacate lim\u00f3n, es estimulante, suave y envolvente, deja una espuma densa y penetrante en la piel. La c\u00e1scara de toronja es astringente, favorece la eliminaci\u00f3n de las c\u00e9lulas muertas y la flaccidez. El jengibre ayuda a cicatrizar las estr\u00edas, equilibra la pigmentaci\u00f3n de la piel, es antioxidante, pues es rico en polifenoles lo que ayuda a nuestra piel a permanecer joven protegi\u00e9ndola de los radicales libres. Es antis\u00e9ptico y desodorante y activa la circulaci\u00f3n combatiendo la celulitis. Logramos un bell\u00edsimo color mel\u00f3n con el tinte mesoamericano: Axiote y el aceite esencial de zacate lim\u00f3n refuerza la acci\u00f3n antienvejecimiento de la piel.<\/p>\n<p><strong>Ingredientes:<\/strong> Aceite de oliva prensado en fr\u00edo, aceite de coco, aceite de girasol, Zingiber officinale (jengibre), Cymbopogon citratus (zacate lim\u00f3n), Citrus paradisi (c\u00e1scara de toronja) cultivados agroecologicamente por nosotros y aceite esencial de zacate lim\u00f3n.<\/p>\n<p><strong>Presentaci\u00f3n:<\/strong> Barra de 90g envuelta en papel kraft reciclado y biodegradable.<\/p>\n<\/div>\n<\/div>","protected":false},"excerpt":{"rendered":"<div class=\"short-description\">\n<div>Es astringente, activa la circulaci\u00f3n y ayuda a mantener la piel firme y joven. Ayuda a recuperar la figura despu\u00e9s del parto o de cualquier baja de peso. 100% vegano y natural.<\/div>\n<\/div>","protected":false},"featured_media":59,"comment_status":"open","ping_status":"closed","template":"","meta":[],"product_brand":[],"product_cat":[18,17],"product_tag":[151,167,177,163,19,83,175,168,176,174],"class_list":{"0":"post-70","1":"product","2":"type-product","3":"status-publish","4":"has-post-thumbnail","6":"product_cat-cuidado-corporal","7":"product_cat-jabones-artesanales","8":"product_tag-artesanal","9":"product_tag-astringente","10":"product_tag-axiote","11":"product_tag-circulacion","12":"product_tag-jabon","13":"product_tag-jengibre","14":"product_tag-natural","15":"product_tag-organico","16":"product_tag-piel-joven","17":"product_tag-toronja","19":"first","20":"instock","21":"shipping-taxable","22":"purchasable","23":"product-type-simple"},"_links":{"self":[{"href":"https:\/\/manantialdelasflores.com\/es\/wp-json\/wp\/v2\/product\/70","targetHints":{"allow":["GET"]}}],"collection":[{"href":"https:\/\/manantialdelasflores.com\/es\/wp-json\/wp\/v2\/product"}],"about":[{"href":"https:\/\/manantialdelasflores.com\/es\/wp-json\/wp\/v2\/types\/product"}],"replies":[{"embeddable":true,"href":"https:\/\/manantialdelasflores.com\/es\/wp-json\/wp\/v2\/comments?post=70"}],"wp:featuredmedia":[{"embeddable":true,"href":"https:\/\/manantialdelasflores.com\/es\/wp-json\/wp\/v2\/media\/59"}],"wp:attachment":[{"href":"https:\/\/manantialdelasflores.com\/es\/wp-json\/wp\/v2\/media?parent=70"}],"wp:term":[{"taxonomy":"product_brand","embeddable":true,"href":"https:\/\/manantialdelasflores.com\/es\/wp-json\/wp\/v2\/product_brand?post=70"},{"taxonomy":"product_cat","embeddable":true,"href":"https:\/\/manantialdelasflores.com\/es\/wp-json\/wp\/v2\/product_cat?post=70"},{"taxonomy":"product_tag","embeddable":true,"href":"https:\/\/manantialdelasflores.com\/es\/wp-json\/wp\/v2\/product_tag?post=70"}],"curies":[{"name":"wp","href":"https:\/\/api.w.org\/{rel}","templated":true}]}}