{"id":88,"date":"2022-11-16T22:06:08","date_gmt":"2022-11-16T22:06:08","guid":{"rendered":"https:\/\/manantialdelasflores.com\/?post_type=product&#038;p=88"},"modified":"2025-03-19T21:35:01","modified_gmt":"2025-03-19T21:35:01","slug":"champu-artesanal-de-arbol-del-te-y-tomillo","status":"publish","type":"product","link":"https:\/\/manantialdelasflores.com\/es\/shop\/champu-artesanal-de-arbol-del-te-y-tomillo\/","title":{"rendered":"Champ\u00fa artesanal de \u00e1rbol del t\u00e9"},"content":{"rendered":"<div class=\"short-description\">\n<div class=\"std\">\n<p>Champ\u00fa l\u00edquido h<span class=\"s1\">echo con hojas de \u00e1rbol del t\u00e9 y de tomillo, es b<\/span>actericida, antis\u00e9ptico y cicatrizante. Cualidad arom\u00e1tica: estimulante, refrescante y vigorizante. <span class=\"s1\">Produce una espuma suave y natural que el cabello y el cuero cabelludo necesitan para limpiarse adecuadamente<\/span><span class=\"s1\">. <\/span>Frotar directamente sobre el cabello mojado y extender, dar un buen masaje y enjuagar abundantemente. Para mejores resultados recomendamos el <em>Enjuague Acondicionador Artesanal \u00c1rbol del T\u00e9<\/em> Manantial de las Flores.<\/p>\n<p><strong>Ingredientes:<\/strong> Agua de manantial, aceite de oliva prensado en fr\u00edo, aceite de coco, aceite de ricino,\u00a0 para\u00edso, \u00e1rbol del t\u00e9, tomillo, pachuli, zacate lim\u00f3n, cola de caballo, mastuerzo y s\u00e1bila cultivados agroecol\u00f3gicamente y aceites esenciales de tomillo y \u00e1rbol del t\u00e9.<\/p>\n<p><strong>Presentaci\u00f3n: <\/strong>Botella PET reciclable de 500ml con dispensador.<\/p>\n<\/div>\n<\/div>","protected":false},"excerpt":{"rendered":"<p><span class=\"s1\">Especial<\/span> para cabello graso, con problemas de caspa, seborrea, infecciones u hongos en el cuero cabelludo.<span class=\"s1\">\u00a0<\/span><span class=\"s1\">100% vegano y natural.<\/span><\/p>","protected":false},"featured_media":90,"comment_status":"open","ping_status":"closed","template":"","meta":[],"product_brand":[],"product_cat":[27,18,28],"product_tag":[38,194,30,29,193,196,195,39],"class_list":{"0":"post-88","1":"product","2":"type-product","3":"status-publish","4":"has-post-thumbnail","6":"product_cat-champu-artesanales","7":"product_cat-cuidado-corporal","8":"product_cat-cuidado-del-cabello","9":"product_tag-arbol-del-te","10":"product_tag-caspa","11":"product_tag-champu","12":"product_tag-cuidado-del-cabello","13":"product_tag-graso","14":"product_tag-hongos","15":"product_tag-seborrea","16":"product_tag-tomillo","18":"first","19":"instock","20":"shipping-taxable","21":"purchasable","22":"product-type-simple"},"_links":{"self":[{"href":"https:\/\/manantialdelasflores.com\/es\/wp-json\/wp\/v2\/product\/88","targetHints":{"allow":["GET"]}}],"collection":[{"href":"https:\/\/manantialdelasflores.com\/es\/wp-json\/wp\/v2\/product"}],"about":[{"href":"https:\/\/manantialdelasflores.com\/es\/wp-json\/wp\/v2\/types\/product"}],"replies":[{"embeddable":true,"href":"https:\/\/manantialdelasflores.com\/es\/wp-json\/wp\/v2\/comments?post=88"}],"wp:featuredmedia":[{"embeddable":true,"href":"https:\/\/manantialdelasflores.com\/es\/wp-json\/wp\/v2\/media\/90"}],"wp:attachment":[{"href":"https:\/\/manantialdelasflores.com\/es\/wp-json\/wp\/v2\/media?parent=88"}],"wp:term":[{"taxonomy":"product_brand","embeddable":true,"href":"https:\/\/manantialdelasflores.com\/es\/wp-json\/wp\/v2\/product_brand?post=88"},{"taxonomy":"product_cat","embeddable":true,"href":"https:\/\/manantialdelasflores.com\/es\/wp-json\/wp\/v2\/product_cat?post=88"},{"taxonomy":"product_tag","embeddable":true,"href":"https:\/\/manantialdelasflores.com\/es\/wp-json\/wp\/v2\/product_tag?post=88"}],"curies":[{"name":"wp","href":"https:\/\/api.w.org\/{rel}","templated":true}]}}