{"id":906,"date":"2023-04-11T00:01:11","date_gmt":"2023-04-11T00:01:11","guid":{"rendered":"https:\/\/manantialdelasflores.com\/?post_type=product&#038;p=906"},"modified":"2026-04-24T06:27:17","modified_gmt":"2026-04-24T06:27:17","slug":"respira","status":"publish","type":"product","link":"https:\/\/manantialdelasflores.com\/es\/shop\/respira\/","title":{"rendered":"Respira"},"content":{"rendered":"<p>Para desinfecci\u00f3n de ambientes contaminados; despu\u00e9s de enfermedades infecciosas, en ambiente con humo de cigarro y durante enfermedades del \u00e1rbol respiratorio.<\/p>\n<p><strong>Uso:<\/strong> <span class=\"s1\">Asperjar en la almohada del enfermo, en el cuarto y\/o en un pa\u00f1uelo para inhalar cada vez que se necesite. No asperjar directo en la cara.<br \/>\n<\/span><br \/>\n<strong>Ingredientes:<\/strong> Agua destilada de \u00e1rbol del t\u00e9, aceites esenciales de eucalipto, tomillo, \u00e1rbol del t\u00e9, cipr\u00e9s y menta.<\/p>\n<p><strong>Presentaci\u00f3n:<\/strong> Botella de PET 60ml.<\/p>","protected":false},"excerpt":{"rendered":"<p class=\"p1\"><span class=\"s1\">Para desinfecci\u00f3n de ambiente y coadyuvante en congesti\u00f3n nasal. 100% vegano y natural.<\/span><\/p>","protected":false},"featured_media":896,"comment_status":"open","ping_status":"closed","template":"","meta":[],"product_brand":[],"product_cat":[259,18],"product_tag":[112,268,270,366],"class_list":{"0":"post-906","1":"product","2":"type-product","3":"status-publish","4":"has-post-thumbnail","6":"product_cat-botiquin-natural","7":"product_cat-cuidado-corporal","8":"product_tag-arbol-de-te","9":"product_tag-botiquin-natural","10":"product_tag-eucalipto","11":"product_tag-respira","13":"first","14":"instock","15":"featured","16":"shipping-taxable","17":"purchasable","18":"product-type-simple"},"_links":{"self":[{"href":"https:\/\/manantialdelasflores.com\/es\/wp-json\/wp\/v2\/product\/906","targetHints":{"allow":["GET"]}}],"collection":[{"href":"https:\/\/manantialdelasflores.com\/es\/wp-json\/wp\/v2\/product"}],"about":[{"href":"https:\/\/manantialdelasflores.com\/es\/wp-json\/wp\/v2\/types\/product"}],"replies":[{"embeddable":true,"href":"https:\/\/manantialdelasflores.com\/es\/wp-json\/wp\/v2\/comments?post=906"}],"wp:featuredmedia":[{"embeddable":true,"href":"https:\/\/manantialdelasflores.com\/es\/wp-json\/wp\/v2\/media\/896"}],"wp:attachment":[{"href":"https:\/\/manantialdelasflores.com\/es\/wp-json\/wp\/v2\/media?parent=906"}],"wp:term":[{"taxonomy":"product_brand","embeddable":true,"href":"https:\/\/manantialdelasflores.com\/es\/wp-json\/wp\/v2\/product_brand?post=906"},{"taxonomy":"product_cat","embeddable":true,"href":"https:\/\/manantialdelasflores.com\/es\/wp-json\/wp\/v2\/product_cat?post=906"},{"taxonomy":"product_tag","embeddable":true,"href":"https:\/\/manantialdelasflores.com\/es\/wp-json\/wp\/v2\/product_tag?post=906"}],"curies":[{"name":"wp","href":"https:\/\/api.w.org\/{rel}","templated":true}]}}