{"id":907,"date":"2023-04-11T00:04:02","date_gmt":"2023-04-11T00:04:02","guid":{"rendered":"https:\/\/manantialdelasflores.com\/?post_type=product&#038;p=907"},"modified":"2025-03-19T21:34:47","modified_gmt":"2025-03-19T21:34:47","slug":"aceite-repelente","status":"publish","type":"product","link":"https:\/\/manantialdelasflores.com\/es\/shop\/aceite-repelente\/","title":{"rendered":"Aceite repelente"},"content":{"rendered":"<p>Para poder disfrutar de la naturaleza sin la molestia de los insectos voladores.<\/p>\n<p><strong>Uso:<\/strong> Apl\u00edcatelo cuando te vayas a exponer al sol y si entras al agua, al salir repite la aplicaci\u00f3n. Tambi\u00e9n funciona durante la noche. Lo pueden usar ni\u00f1os de 6 meses en adelante. Cuida que no penetre en los ojos.<\/p>\n<p><strong>Ingredientes:<\/strong> Aceite de ajonjol\u00ed, citronella, para\u00edso, geranio, eucalipto, pachuli, romero org\u00e1nicos cultivados por nosotros, aceites esenciales de citronela, eucalipto, geranio, romero y lavanda.<\/p>\n<p><strong>Presentaci\u00f3n:\u00a0<\/strong>Botella PET de 60ml.<\/p>","protected":false},"excerpt":{"rendered":"<p>Aceite repelente para insectos con protector solar. 100% vegano y natural.<\/p>","protected":false},"featured_media":899,"comment_status":"open","ping_status":"closed","template":"","meta":[],"product_brand":[],"product_cat":[259,18],"product_tag":[382,368,369,249,367],"class_list":{"0":"post-907","1":"product","2":"type-product","3":"status-publish","4":"has-post-thumbnail","6":"product_cat-botiquin-natural","7":"product_cat-cuidado-corporal","8":"product_tag-aceite","9":"product_tag-citronella","10":"product_tag-paraiso","11":"product_tag-protector-solar","12":"product_tag-repelente","14":"first","15":"instock","16":"shipping-taxable","17":"purchasable","18":"product-type-simple"},"_links":{"self":[{"href":"https:\/\/manantialdelasflores.com\/es\/wp-json\/wp\/v2\/product\/907","targetHints":{"allow":["GET"]}}],"collection":[{"href":"https:\/\/manantialdelasflores.com\/es\/wp-json\/wp\/v2\/product"}],"about":[{"href":"https:\/\/manantialdelasflores.com\/es\/wp-json\/wp\/v2\/types\/product"}],"replies":[{"embeddable":true,"href":"https:\/\/manantialdelasflores.com\/es\/wp-json\/wp\/v2\/comments?post=907"}],"wp:featuredmedia":[{"embeddable":true,"href":"https:\/\/manantialdelasflores.com\/es\/wp-json\/wp\/v2\/media\/899"}],"wp:attachment":[{"href":"https:\/\/manantialdelasflores.com\/es\/wp-json\/wp\/v2\/media?parent=907"}],"wp:term":[{"taxonomy":"product_brand","embeddable":true,"href":"https:\/\/manantialdelasflores.com\/es\/wp-json\/wp\/v2\/product_brand?post=907"},{"taxonomy":"product_cat","embeddable":true,"href":"https:\/\/manantialdelasflores.com\/es\/wp-json\/wp\/v2\/product_cat?post=907"},{"taxonomy":"product_tag","embeddable":true,"href":"https:\/\/manantialdelasflores.com\/es\/wp-json\/wp\/v2\/product_tag?post=907"}],"curies":[{"name":"wp","href":"https:\/\/api.w.org\/{rel}","templated":true}]}}